{"id":6955,"date":"2022-06-01T04:09:58","date_gmt":"2022-06-01T04:09:58","guid":{"rendered":"https:\/\/adfaber.org\/?page_id=6955"},"modified":"2022-06-01T04:18:46","modified_gmt":"2022-06-01T04:18:46","slug":"ghid","status":"publish","type":"page","link":"https:\/\/adfaber.org\/en\/ghid\/","title":{"rendered":"Ghidul Familiei Eroii Internetului"},"content":{"rendered":"<div data-elementor-type=\"wp-page\" data-elementor-id=\"6955\" class=\"elementor elementor-6955\" data-elementor-post-type=\"page\">\n\t\t\t\t\t\t<section class=\"elementor-section elementor-top-section elementor-element elementor-element-40f13f37 elementor-section-height-min-height elementor-section-full_width elementor-section-height-default elementor-section-items-middle\" data-id=\"40f13f37\" data-element_type=\"section\" data-settings=\"{&quot;background_background&quot;:&quot;classic&quot;}\">\n\t\t\t\t\t\t<div class=\"elementor-container elementor-column-gap-no\">\n\t\t\t\t\t<div class=\"elementor-column elementor-col-50 elementor-top-column elementor-element elementor-element-e60a909\" data-id=\"e60a909\" data-element_type=\"column\" data-settings=\"{&quot;background_background&quot;:&quot;classic&quot;}\">\n\t\t\t<div class=\"elementor-widget-wrap elementor-element-populated\">\n\t\t\t\t\t\t<div class=\"elementor-element elementor-element-165cbcca elementor-widget elementor-widget-heading\" data-id=\"165cbcca\" data-element_type=\"widget\" data-widget_type=\"heading.default\">\n\t\t\t\t\t<h2 class=\"elementor-heading-title elementor-size-default\">Ajut\u0103-\u021bi familia s\u0103 fie \u00een siguran\u021b\u0103 \u0219i inteligent\u0103 online\n<\/h2>\t\t\t\t<\/div>\n\t\t\t\t\t<\/div>\n\t\t<\/div>\n\t\t\t\t<div class=\"elementor-column elementor-col-50 elementor-top-column elementor-element elementor-element-283f5853 elementor-hidden-tablet\" data-id=\"283f5853\" data-element_type=\"column\" data-settings=\"{&quot;background_background&quot;:&quot;classic&quot;}\">\n\t\t\t<div class=\"elementor-widget-wrap\">\n\t\t\t\t\t\t\t<\/div>\n\t\t<\/div>\n\t\t\t\t\t<\/div>\n\t\t<\/section>\n\t\t\t\t<section class=\"elementor-section elementor-top-section elementor-element elementor-element-61f02581 elementor-section-boxed elementor-section-height-default elementor-section-height-default\" data-id=\"61f02581\" data-element_type=\"section\" data-settings=\"{&quot;background_background&quot;:&quot;classic&quot;}\">\n\t\t\t\t\t\t<div class=\"elementor-container elementor-column-gap-default\">\n\t\t\t\t\t<div class=\"elementor-column elementor-col-100 elementor-top-column elementor-element elementor-element-12891fd6\" data-id=\"12891fd6\" data-element_type=\"column\">\n\t\t\t<div class=\"elementor-widget-wrap elementor-element-populated\">\n\t\t\t\t\t\t<section class=\"elementor-section elementor-inner-section elementor-element elementor-element-410dfc85 elementor-section-boxed elementor-section-height-default elementor-section-height-default\" data-id=\"410dfc85\" data-element_type=\"section\">\n\t\t\t\t\t\t<div class=\"elementor-container elementor-column-gap-default\">\n\t\t\t\t\t<div class=\"elementor-column elementor-col-50 elementor-inner-column elementor-element elementor-element-2140ef72 elementor-hidden-tablet\" data-id=\"2140ef72\" data-element_type=\"column\">\n\t\t\t<div class=\"elementor-widget-wrap\">\n\t\t\t\t\t\t\t<\/div>\n\t\t<\/div>\n\t\t\t\t<div class=\"elementor-column elementor-col-50 elementor-inner-column elementor-element elementor-element-3744410a\" data-id=\"3744410a\" data-element_type=\"column\">\n\t\t\t<div class=\"elementor-widget-wrap elementor-element-populated\">\n\t\t\t\t\t\t<div class=\"elementor-element elementor-element-348fb317 elementor-widget elementor-widget-heading\" data-id=\"348fb317\" data-element_type=\"widget\" data-widget_type=\"heading.default\">\n\t\t\t\t\t<h2 class=\"elementor-heading-title elementor-size-default\">\nDoresc s\u0103 primesc Ghidul Familiei Eroii Internetului<\/h2>\t\t\t\t<\/div>\n\t\t\t\t\t<\/div>\n\t\t<\/div>\n\t\t\t\t\t<\/div>\n\t\t<\/section>\n\t\t\t\t<section class=\"elementor-section elementor-inner-section elementor-element elementor-element-6cd9eeab elementor-section-boxed elementor-section-height-default elementor-section-height-default\" data-id=\"6cd9eeab\" data-element_type=\"section\">\n\t\t\t\t\t\t<div class=\"elementor-container elementor-column-gap-default\">\n\t\t\t\t\t<div class=\"elementor-column elementor-col-50 elementor-inner-column elementor-element elementor-element-4d262b90 elementor-hidden-tablet\" data-id=\"4d262b90\" data-element_type=\"column\">\n\t\t\t<div class=\"elementor-widget-wrap\">\n\t\t\t\t\t\t\t<\/div>\n\t\t<\/div>\n\t\t\t\t<div class=\"elementor-column elementor-col-50 elementor-inner-column elementor-element elementor-element-4a2da73a\" data-id=\"4a2da73a\" data-element_type=\"column\">\n\t\t\t<div class=\"elementor-widget-wrap elementor-element-populated\">\n\t\t\t\t\t\t<div class=\"elementor-element elementor-element-410f9cc elementor-widget elementor-widget-html\" data-id=\"410f9cc\" data-element_type=\"widget\" data-widget_type=\"html.default\">\n\t\t\t\t\t<script src='https:\/\/www.google.com\/recaptcha\/api.js'><\/script>\n<form action=\"https:\/\/newsletter.adfaber.org\/subscribe\" method=\"POST\" accept-charset=\"utf-8\">\n\t<label for=\"name\">Name<\/label><br\/>\n\t<input type=\"text\" name=\"name\" id=\"name\"\/>\n\t<br\/>\n\t<label for=\"email\">E-mail<\/label><br\/>\n\t<input type=\"email\" name=\"email\" id=\"email\"\/><br\/><br\/>\n\t<p class=\"g-recaptcha\" data-sitekey=\"6LcYT_sdAAAAAJBGkkmiUAD-5USWSo6zYjyWafRq\"><\/p><div style=\"display:none;\">\n\t<label for=\"hp\">HP<\/label><br\/>\n\t<input type=\"text\" name=\"hp\" id=\"hp\"\/>\n\t<\/div>\n\t<input type=\"hidden\" name=\"list\" value=\"dKqGtFrA7B892zz1eyT9BWJw\"\/>\n\t<input type=\"hidden\" name=\"subform\" value=\"yes\"\/>\n\t<input type=\"submit\" name=\"submit\" id=\"submit\"\/>\n<\/form>\t\t\t\t<\/div>\n\t\t\t\t<div class=\"elementor-element elementor-element-48d21c0f elementor-widget elementor-widget-heading\" data-id=\"48d21c0f\" data-element_type=\"widget\" data-widget_type=\"heading.default\">\n\t\t\t\t\t<p class=\"elementor-heading-title elementor-size-default\">Ghidul Eroii Internetului pentru familii ofer\u0103 acestora instrumentele \u0219i resursele necesare pentru a afla despre siguran\u021ba \u0219i cet\u0103\u021benia online, acas\u0103. Am creat acest ghid pentru familii, facilit\u00e2nd \u00eencorporarea \u0219i practicarea bunelor obiceiuri digitale \u00een via\u021ba ta de zi cu zi. Plin cu sfaturi bune, acest ghid v\u0103 va ajuta pe dvs. \u0219i pe copiii dvs. s\u0103 discuta\u021bi, s\u0103 \u00eenv\u0103\u021ba\u021bi \u0219i s\u0103 v\u0103 g\u00e2ndi\u021bi la siguran\u021ba online, \u00eempreun\u0103.<\/p>\t\t\t\t<\/div>\n\t\t\t\t\t<\/div>\n\t\t<\/div>\n\t\t\t\t\t<\/div>\n\t\t<\/section>\n\t\t\t\t\t<\/div>\n\t\t<\/div>\n\t\t\t\t\t<\/div>\n\t\t<\/section>\n\t\t\t\t<section class=\"elementor-section elementor-top-section elementor-element elementor-element-905bfc6 elementor-section-boxed elementor-section-height-default elementor-section-height-default\" data-id=\"905bfc6\" data-element_type=\"section\">\n\t\t\t\t\t\t<div class=\"elementor-container elementor-column-gap-default\">\n\t\t\t\t\t<div class=\"elementor-column elementor-col-100 elementor-top-column elementor-element elementor-element-57a2e01\" data-id=\"57a2e01\" data-element_type=\"column\">\n\t\t\t<div class=\"elementor-widget-wrap elementor-element-populated\">\n\t\t\t\t\t\t<div class=\"elementor-element elementor-element-cf5b7e2 elementor-widget elementor-widget-spacer\" data-id=\"cf5b7e2\" data-element_type=\"widget\" data-widget_type=\"spacer.default\">\n\t\t\t\t\t\t\t<div class=\"elementor-spacer\">\n\t\t\t<div class=\"elementor-spacer-inner\"><\/div>\n\t\t<\/div>\n\t\t\t\t\t\t<\/div>\n\t\t\t\t\t<\/div>\n\t\t<\/div>\n\t\t\t\t\t<\/div>\n\t\t<\/section>\n\t\t\t\t<\/div>","protected":false},"excerpt":{"rendered":"<p>Ajut\u0103-\u021bi familia s\u0103 fie \u00een siguran\u021b\u0103 \u0219i inteligent\u0103 online Doresc s\u0103 primesc Ghidul Familiei Eroii Internetului Nume Email HP Ghidul Eroii Internetului pentru familii ofer\u0103 acestora instrumentele \u0219i resursele necesare pentru a afla despre siguran\u021ba \u0219i cet\u0103\u021benia online, acas\u0103. Am creat acest ghid pentru familii, facilit\u00e2nd \u00eencorporarea \u0219i practicarea bunelor obiceiuri digitale \u00een via\u021ba ta [&hellip;]<\/p>","protected":false},"author":1,"featured_media":0,"parent":0,"menu_order":0,"comment_status":"closed","ping_status":"closed","template":"","meta":{"_eb_attr":"","site-sidebar-layout":"no-sidebar","site-content-layout":"page-builder","ast-site-content-layout":"default","site-content-style":"default","site-sidebar-style":"default","ast-global-header-display":"","ast-banner-title-visibility":"","ast-main-header-display":"","ast-hfb-above-header-display":"","ast-hfb-below-header-display":"","ast-hfb-mobile-header-display":"","site-post-title":"disabled","ast-breadcrumbs-content":"","ast-featured-img":"disabled","footer-sml-layout":"","ast-disable-related-posts":"","theme-transparent-header-meta":"","adv-header-id-meta":"","stick-header-meta":"","header-above-stick-meta":"","header-main-stick-meta":"","header-below-stick-meta":"","astra-migrate-meta-layouts":"default","ast-page-background-enabled":"default","ast-page-background-meta":{"desktop":{"background-color":"var(--ast-global-color-4)","background-image":"","background-repeat":"repeat","background-position":"center center","background-size":"auto","background-attachment":"scroll","background-type":"","background-media":"","overlay-type":"","overlay-color":"","overlay-opacity":"","overlay-gradient":""},"tablet":{"background-color":"","background-image":"","background-repeat":"repeat","background-position":"center center","background-size":"auto","background-attachment":"scroll","background-type":"","background-media":"","overlay-type":"","overlay-color":"","overlay-opacity":"","overlay-gradient":""},"mobile":{"background-color":"","background-image":"","background-repeat":"repeat","background-position":"center center","background-size":"auto","background-attachment":"scroll","background-type":"","background-media":"","overlay-type":"","overlay-color":"","overlay-opacity":"","overlay-gradient":""}},"ast-content-background-meta":{"desktop":{"background-color":"var(--ast-global-color-5)","background-image":"","background-repeat":"repeat","background-position":"center center","background-size":"auto","background-attachment":"scroll","background-type":"","background-media":"","overlay-type":"","overlay-color":"","overlay-opacity":"","overlay-gradient":""},"tablet":{"background-color":"var(--ast-global-color-5)","background-image":"","background-repeat":"repeat","background-position":"center center","background-size":"auto","background-attachment":"scroll","background-type":"","background-media":"","overlay-type":"","overlay-color":"","overlay-opacity":"","overlay-gradient":""},"mobile":{"background-color":"var(--ast-global-color-5)","background-image":"","background-repeat":"repeat","background-position":"center center","background-size":"auto","background-attachment":"scroll","background-type":"","background-media":"","overlay-type":"","overlay-color":"","overlay-opacity":"","overlay-gradient":""}},"footnotes":""},"class_list":["post-6955","page","type-page","status-publish","hentry"],"_links":{"self":[{"href":"https:\/\/adfaber.org\/en\/wp-json\/wp\/v2\/pages\/6955","targetHints":{"allow":["GET"]}}],"collection":[{"href":"https:\/\/adfaber.org\/en\/wp-json\/wp\/v2\/pages"}],"about":[{"href":"https:\/\/adfaber.org\/en\/wp-json\/wp\/v2\/types\/page"}],"author":[{"embeddable":true,"href":"https:\/\/adfaber.org\/en\/wp-json\/wp\/v2\/users\/1"}],"replies":[{"embeddable":true,"href":"https:\/\/adfaber.org\/en\/wp-json\/wp\/v2\/comments?post=6955"}],"version-history":[{"count":0,"href":"https:\/\/adfaber.org\/en\/wp-json\/wp\/v2\/pages\/6955\/revisions"}],"wp:attachment":[{"href":"https:\/\/adfaber.org\/en\/wp-json\/wp\/v2\/media?parent=6955"}],"curies":[{"name":"wp","href":"https:\/\/api.w.org\/{rel}","templated":true}]}}