{"id":6468,"date":"2022-03-01T14:28:44","date_gmt":"2022-03-01T14:28:44","guid":{"rendered":"https:\/\/adfaber.org\/?page_id=6468"},"modified":"2025-11-07T16:47:19","modified_gmt":"2025-11-07T16:47:19","slug":"fii-voluntar-profesionist","status":"publish","type":"page","link":"https:\/\/adfaber.org\/en\/fii-voluntar-profesionist\/","title":{"rendered":"Fii voluntar profesionist"},"content":{"rendered":"<div data-elementor-type=\"wp-page\" data-elementor-id=\"6468\" class=\"elementor elementor-6468\" data-elementor-post-type=\"page\">\n\t\t\t\t\t\t<section class=\"elementor-section elementor-top-section elementor-element elementor-element-b0c62ae elementor-section-boxed elementor-section-height-default elementor-section-height-default\" data-id=\"b0c62ae\" data-element_type=\"section\" data-e-type=\"section\" data-settings=\"{&quot;background_background&quot;:&quot;classic&quot;}\">\n\t\t\t\t\t\t<div class=\"elementor-container elementor-column-gap-default\">\n\t\t\t\t\t<div class=\"elementor-column elementor-col-33 elementor-top-column elementor-element elementor-element-bad7adb\" data-id=\"bad7adb\" data-element_type=\"column\" data-e-type=\"column\">\n\t\t\t<div class=\"elementor-widget-wrap elementor-element-populated\">\n\t\t\t\t\t\t<div class=\"elementor-element elementor-element-de536a2 elementor-widget elementor-widget-heading\" data-id=\"de536a2\" data-element_type=\"widget\" data-e-type=\"widget\" data-widget_type=\"heading.default\">\n\t\t\t\t\t<h1 class=\"elementor-heading-title elementor-size-default\">Join as a Volunteer in Our Educational Programs<\/h1>\t\t\t\t<\/div>\n\t\t\t\t<div class=\"elementor-element elementor-element-45aadce elementor-widget elementor-widget-button\" data-id=\"45aadce\" data-element_type=\"widget\" data-e-type=\"widget\" data-widget_type=\"button.default\">\n\t\t\t\t\t\t\t\t\t\t<a class=\"elementor-button elementor-button-link elementor-size-sm\" href=\"#voluntar\">\n\t\t\t\t\t\t<span class=\"elementor-button-content-wrapper\">\n\t\t\t\t\t\t\t\t\t<span class=\"elementor-button-text\">How can I get involved?<\/span>\n\t\t\t\t\t<\/span>\n\t\t\t\t\t<\/a>\n\t\t\t\t\t\t\t\t<\/div>\n\t\t\t\t<div class=\"elementor-element elementor-element-ad84e2e elementor-widget elementor-widget-spacer\" data-id=\"ad84e2e\" data-element_type=\"widget\" data-e-type=\"widget\" data-widget_type=\"spacer.default\">\n\t\t\t\t\t\t\t<div class=\"elementor-spacer\">\n\t\t\t<div class=\"elementor-spacer-inner\"><\/div>\n\t\t<\/div>\n\t\t\t\t\t\t<\/div>\n\t\t\t\t\t<\/div>\n\t\t<\/div>\n\t\t\t\t<div class=\"elementor-column elementor-col-66 elementor-top-column elementor-element elementor-element-3220c67\" data-id=\"3220c67\" data-element_type=\"column\" data-e-type=\"column\">\n\t\t\t<div class=\"elementor-widget-wrap\">\n\t\t\t\t\t\t\t<\/div>\n\t\t<\/div>\n\t\t\t\t\t<\/div>\n\t\t<\/section>\n\t\t\t\t<section class=\"elementor-section elementor-top-section elementor-element elementor-element-c02ad4a elementor-section-boxed elementor-section-height-default elementor-section-height-default\" data-id=\"c02ad4a\" data-element_type=\"section\" data-e-type=\"section\">\n\t\t\t\t\t\t<div class=\"elementor-container elementor-column-gap-default\">\n\t\t\t\t\t<div class=\"elementor-column elementor-col-100 elementor-top-column elementor-element elementor-element-6781089\" data-id=\"6781089\" data-element_type=\"column\" data-e-type=\"column\">\n\t\t\t<div class=\"elementor-widget-wrap elementor-element-populated\">\n\t\t\t\t\t\t<div class=\"elementor-element elementor-element-cb408e6 elementor-align-center elementor-widget elementor-widget-button\" data-id=\"cb408e6\" data-element_type=\"widget\" data-e-type=\"widget\" data-widget_type=\"button.default\">\n\t\t\t\t\t\t\t\t\t\t<a class=\"elementor-button elementor-button-link elementor-size-lg\" href=\"https:\/\/forms.gle\/LHqWpXSDaUMTQ2vH9\" target=\"_blank\" rel=\"noopener\">\n\t\t\t\t\t\t<span class=\"elementor-button-content-wrapper\">\n\t\t\t\t\t\t\t\t\t<span class=\"elementor-button-text\">Fill in your details here and we will contact you<\/span>\n\t\t\t\t\t<\/span>\n\t\t\t\t\t<\/a>\n\t\t\t\t\t\t\t\t<\/div>\n\t\t\t\t\t<\/div>\n\t\t<\/div>\n\t\t\t\t\t<\/div>\n\t\t<\/section>\n\t\t\t\t<section class=\"elementor-section elementor-top-section elementor-element elementor-element-69f9765 elementor-section-boxed elementor-section-height-default elementor-section-height-default\" data-id=\"69f9765\" data-element_type=\"section\" data-e-type=\"section\">\n\t\t\t\t\t\t<div class=\"elementor-container elementor-column-gap-default\">\n\t\t\t\t\t<div class=\"elementor-column elementor-col-33 elementor-top-column elementor-element elementor-element-4311ac5\" data-id=\"4311ac5\" data-element_type=\"column\" data-e-type=\"column\">\n\t\t\t<div class=\"elementor-widget-wrap elementor-element-populated\">\n\t\t\t\t\t\t<div class=\"elementor-element elementor-element-edbf81d elementor-widget elementor-widget-image\" data-id=\"edbf81d\" data-element_type=\"widget\" data-e-type=\"widget\" data-widget_type=\"image.default\">\n\t\t\t\t\t\t\t\t\t\t\t\t\t\t\t<img fetchpriority=\"high\" decoding=\"async\" width=\"300\" height=\"300\" src=\"https:\/\/adfaber.org\/wp-content\/uploads\/2022\/03\/1-2-300x300.jpeg\" class=\"attachment-medium size-medium wp-image-6472\" alt=\"\" srcset=\"https:\/\/adfaber.org\/wp-content\/uploads\/2022\/03\/1-2-300x300.jpeg 300w, https:\/\/adfaber.org\/wp-content\/uploads\/2022\/03\/1-2-150x150.jpeg 150w, https:\/\/adfaber.org\/wp-content\/uploads\/2022\/03\/1-2.jpeg 500w\" sizes=\"(max-width: 300px) 100vw, 300px\" \/>\t\t\t\t\t\t\t\t\t\t\t\t\t\t\t<\/div>\n\t\t\t\t\t<\/div>\n\t\t<\/div>\n\t\t\t\t<div class=\"elementor-column elementor-col-66 elementor-top-column elementor-element elementor-element-51e5d0f\" data-id=\"51e5d0f\" data-element_type=\"column\" data-e-type=\"column\">\n\t\t\t<div class=\"elementor-widget-wrap elementor-element-populated\">\n\t\t\t\t\t\t<div class=\"elementor-element elementor-element-814b9c0 elementor-widget elementor-widget-heading\" data-id=\"814b9c0\" data-element_type=\"widget\" data-e-type=\"widget\" data-widget_type=\"heading.default\">\n\t\t\t\t\t<h2 class=\"elementor-heading-title elementor-size-default\">Why become a Volunteer?<\/h2>\t\t\t\t<\/div>\n\t\t\t\t<div class=\"elementor-element elementor-element-e362aff elementor-widget elementor-widget-text-editor\" data-id=\"e362aff\" data-element_type=\"widget\" data-e-type=\"widget\" data-widget_type=\"text-editor.default\">\n\t\t\t\t\t\t\t\t\t<p><strong>Enrich Your Personal and Professional Experience<br \/><\/strong><span style=\"font-size: 16px;\">Volunteering at Adfaber is not only an opportunity to give back to the community, but also a great way to develop your personal and professional skills.<\/span><\/p><p>Whether it's communication, organizational, leadership or technical skills, volunteering experience gives you fertile ground to develop in a field you are passionate about, whether it's education, technology, or communication.<\/p><p><strong>Build Relationships and Expand Your Professional Network<\/strong> <br \/>Volunteering at Adfaber opens the door to a community of like-minded professionals and enthusiasts.<\/p>\t\t\t\t\t\t\t\t<\/div>\n\t\t\t\t\t<\/div>\n\t\t<\/div>\n\t\t\t\t\t<\/div>\n\t\t<\/section>\n\t\t\t\t<section class=\"elementor-section elementor-top-section elementor-element elementor-element-bf7079c elementor-section-boxed elementor-section-height-default elementor-section-height-default\" data-id=\"bf7079c\" data-element_type=\"section\" data-e-type=\"section\">\n\t\t\t\t\t\t<div class=\"elementor-container elementor-column-gap-default\">\n\t\t\t\t\t<div class=\"elementor-column elementor-col-100 elementor-top-column elementor-element elementor-element-23faefd\" data-id=\"23faefd\" data-element_type=\"column\" data-e-type=\"column\">\n\t\t\t<div class=\"elementor-widget-wrap elementor-element-populated\">\n\t\t\t\t\t\t<div class=\"elementor-element elementor-element-728997e elementor-widget elementor-widget-menu-anchor\" data-id=\"728997e\" data-element_type=\"widget\" data-e-type=\"widget\" data-widget_type=\"menu-anchor.default\">\n\t\t\t\t\t\t\t<div class=\"elementor-menu-anchor\" id=\"voluntar\"><\/div>\n\t\t\t\t\t\t<\/div>\n\t\t\t\t<div class=\"elementor-element elementor-element-63d1b60 elementor-widget elementor-widget-heading\" data-id=\"63d1b60\" data-element_type=\"widget\" data-e-type=\"widget\" data-widget_type=\"heading.default\">\n\t\t\t\t\t<h2 class=\"elementor-heading-title elementor-size-default\">How can you help?<\/h2>\t\t\t\t<\/div>\n\t\t\t\t<div class=\"elementor-element elementor-element-4e3abd3 elementor-widget elementor-widget-timeline-widget-addon\" data-id=\"4e3abd3\" data-element_type=\"widget\" data-e-type=\"widget\" data-widget_type=\"timeline-widget-addon.default\">\n\t\t\t\t<div class=\"elementor-widget-container\">\n\t\t\t\t\t<!-- ========= Timeline Widget Addon For Elementor 1.6.24 ========= -->\n<div id=\"twae-wrapper-4e3abd3\" class=\"twae-vertical twae-wrapper  twae-both-sided\">   \n    <div class=\"twae-start\"><\/div>    \n    <div id=\"twea-timeline-4e3abd3\" class=\"twae-timeline\" ><!-- Start of Story Repeater Content --><div id=\"story-dce3bef\" class=\"twae-story twae-repeater-item twae-story-right twae-story-no-icon\"><!-- Story Icon --><div class=\"twae-icon\"><i aria-hidden=\"true\" class=\"far fa-circle\"><\/i><\/div><!-- Story Arrow --><div class=\"twae-arrow\"><\/div><!-- Start of Story Content --><div class=\"twae-content\"><!-- Story Title --><div class=\"twae-title\">Communication &amp; Social Media<\/div><!-- Story Description --><div class=\"twae-description\"><p>Getting a nice message in front of those who need to see it today is a real challenge. As a Communications and Social Media Volunteer at Adfaber, you will play a crucial role in creating and distributing content that inspires and informs our audiences. This role is essential to increasing the visibility of our educational programs and engaging the community in our mission.<\/p><p><strong>Do you want to get involved?<\/strong> <strong><a href=\"https:\/\/forms.gle\/LHqWpXSDaUMTQ2vH9\" target=\"_blank\" rel=\"noopener\">Fill out the form!<\/a><\/strong><\/p><\/div><\/div><\/div><!-- Start of Story Repeater Content --><div id=\"story-fd9b7aa\" class=\"twae-story twae-repeater-item twae-story-left twae-story-no-icon\"><!-- Story Icon --><div class=\"twae-icon\"><i aria-hidden=\"true\" class=\"far fa-circle\"><\/i><\/div><!-- Story Arrow --><div class=\"twae-arrow\"><\/div><!-- Start of Story Content --><div class=\"twae-content\"><!-- Story Title --><div class=\"twae-title\">Content Creation<\/div><!-- Story Description --><div class=\"twae-description\"><p>As a Content Creation Volunteer at Adfaber, you will have the opportunity to use and develop your creative skills to produce informative and inspirational materials. Your role will be instrumental in communicating Adfaber's values and mission, engaging and educating our audience through quality content.<\/p><\/div><\/div><\/div><!-- Start of Story Repeater Content --><div id=\"story-dcd22dd\" class=\"twae-story twae-repeater-item twae-story-right twae-story-no-icon\"><!-- Story Icon --><div class=\"twae-icon\"><i aria-hidden=\"true\" class=\"far fa-circle\"><\/i><\/div><!-- Story Arrow --><div class=\"twae-arrow\"><\/div><!-- Start of Story Content --><div class=\"twae-content\"><!-- Story Title --><div class=\"twae-title\">Videographer\/Video Editor<\/div><!-- Story Description --><div class=\"twae-description\"><p>As a Volunteer Video Editor at Adfaber, you'll play a critical role on our communications team, transforming raw video materials into compelling and effective stories that support our mission and programs. This role requires a combination of technical and creative skills to produce high-quality video content.<\/p><\/div><\/div><\/div><!-- Start of Story Repeater Content --><div id=\"story-d5504d7\" class=\"twae-story twae-repeater-item twae-story-left twae-story-no-icon\"><!-- Story Icon --><div class=\"twae-icon\"><i aria-hidden=\"true\" class=\"far fa-circle\"><\/i><\/div><!-- Story Arrow --><div class=\"twae-arrow\"><\/div><!-- Start of Story Content --><div class=\"twae-content\"><!-- Story Title --><div class=\"twae-title\">Trainer Educational<\/div><!-- Story Description --><div class=\"twae-description\"><p>As a volunteer Educational Trainer at Adfaber, you will have the opportunity to influence and inspire new generations through education. Your role will be to develop and deliver engaging and effective educational materials tailored to the needs and interests of young people. This position is critical to ensuring that our educational programs are relevant, engaging and impactful.<\/p><\/div><\/div><\/div><!-- Start of Story Repeater Content --><div id=\"story-eeb4be3\" class=\"twae-story twae-repeater-item twae-story-right twae-story-no-icon\"><!-- Story Icon --><div class=\"twae-icon\"><i aria-hidden=\"true\" class=\"far fa-circle\"><\/i><\/div><!-- Story Arrow --><div class=\"twae-arrow\"><\/div><!-- Start of Story Content --><div class=\"twae-content\"><!-- Story Title --><div class=\"twae-title\">Be a mentor for the upcoming generations<\/div><!-- Story Description --><div class=\"twae-description\"><p class=\"translation-block\">As soon as I penned this headline, I could feel new wrinkles forming on my face. But hey! We're thrilled that it's time for us to show the youth just how fascinating today's professions truly are. However, it's vital to understand that your role as a volunteer in this campaign will empower students to stride confidently into the future. <b> Simply take part in an interview with the Adfaber team and share, as if to an old friend, what you do day in and day out.<\/b><\/p><\/div><\/div><\/div><!-- Start of Story Repeater Content --><div id=\"story-1e66fa3\" class=\"twae-story twae-repeater-item twae-story-left twae-story-no-icon\"><!-- Story Icon --><div class=\"twae-icon\"><i aria-hidden=\"true\" class=\"far fa-circle\"><\/i><\/div><!-- Story Arrow --><div class=\"twae-arrow\"><\/div><!-- Start of Story Content --><div class=\"twae-content\"><!-- Story Title --><div class=\"twae-title\">Judge the children's projects<\/div><!-- Story Description --><div class=\"twae-description\"><p>Adfaber competitions are a fast and fun learning method for students. You can be the one who places the best projects among the winners!<\/p><\/div><\/div><\/div><\/div>\n    <div class=\"twae-end\"><\/div>\n    <\/div><style type=\"text\/css\">@media (max-width: 1024px){ .twae-wrapper{--tw-ybx-size: 80px !important;}}@media (max-width: 767px){ .twae-wrapper{--tw-ybx-size: 80px !important}}<\/style>\t\t\t\t<\/div>\n\t\t\t\t<\/div>\n\t\t\t\t<div class=\"elementor-element elementor-element-d47068d elementor-widget elementor-widget-menu-anchor\" data-id=\"d47068d\" data-element_type=\"widget\" data-e-type=\"widget\" data-widget_type=\"menu-anchor.default\">\n\t\t\t\t\t\t\t<div class=\"elementor-menu-anchor\" id=\"ajuta\"><\/div>\n\t\t\t\t\t\t<\/div>\n\t\t\t\t\t<\/div>\n\t\t<\/div>\n\t\t\t\t\t<\/div>\n\t\t<\/section>\n\t\t\t\t<section class=\"elementor-section elementor-top-section elementor-element elementor-element-21623e2 elementor-section-boxed elementor-section-height-default elementor-section-height-default\" data-id=\"21623e2\" data-element_type=\"section\" data-e-type=\"section\">\n\t\t\t\t\t\t<div class=\"elementor-container elementor-column-gap-default\">\n\t\t\t\t\t<div class=\"elementor-column elementor-col-100 elementor-top-column elementor-element elementor-element-2351048\" data-id=\"2351048\" data-element_type=\"column\" data-e-type=\"column\">\n\t\t\t<div class=\"elementor-widget-wrap elementor-element-populated\">\n\t\t\t\t\t\t<div class=\"elementor-element elementor-element-6e8884f elementor-align-center elementor-widget elementor-widget-button\" data-id=\"6e8884f\" data-element_type=\"widget\" data-e-type=\"widget\" data-widget_type=\"button.default\">\n\t\t\t\t\t\t\t\t\t\t<a class=\"elementor-button elementor-button-link elementor-size-lg\" href=\"https:\/\/forms.gle\/LHqWpXSDaUMTQ2vH9\" target=\"_blank\" rel=\"noopener\">\n\t\t\t\t\t\t<span class=\"elementor-button-content-wrapper\">\n\t\t\t\t\t\t\t\t\t<span class=\"elementor-button-text\">I want to get involved<\/span>\n\t\t\t\t\t<\/span>\n\t\t\t\t\t<\/a>\n\t\t\t\t\t\t\t\t<\/div>\n\t\t\t\t<div class=\"elementor-element elementor-element-19744c5 elementor-widget elementor-widget-heading\" data-id=\"19744c5\" data-element_type=\"widget\" data-e-type=\"widget\" data-widget_type=\"heading.default\">\n\t\t\t\t\t<h2 class=\"elementor-heading-title elementor-size-default\">Why become a Volunteer?<\/h2>\t\t\t\t<\/div>\n\t\t\t\t\t<\/div>\n\t\t<\/div>\n\t\t\t\t\t<\/div>\n\t\t<\/section>\n\t\t\t\t<section class=\"elementor-section elementor-top-section elementor-element elementor-element-88c048d elementor-section-boxed elementor-section-height-default elementor-section-height-default\" data-id=\"88c048d\" data-element_type=\"section\" data-e-type=\"section\">\n\t\t\t\t\t\t<div class=\"elementor-container elementor-column-gap-default\">\n\t\t\t\t\t<div class=\"elementor-column elementor-col-100 elementor-top-column elementor-element elementor-element-eb6e673\" data-id=\"eb6e673\" data-element_type=\"column\" data-e-type=\"column\">\n\t\t\t<div class=\"elementor-widget-wrap elementor-element-populated\">\n\t\t\t\t\t\t<div class=\"elementor-element elementor-element-3188ab3 elementor-widget elementor-widget-text-editor\" data-id=\"3188ab3\" data-element_type=\"widget\" data-e-type=\"widget\" data-widget_type=\"text-editor.default\">\n\t\t\t\t\t\t\t\t\t<p><strong>Build Relationships and Expand Your Professional Network<br \/><\/strong><\/p><ul><li><span style=\"font-size: 16px;\"><strong>Connect with Experts in Various Fields:<\/strong> You'll work alongside experts and enthusiasts from diverse fields, discovering new perspectives and opportunities for long-term collaboration. <\/span><\/li><li><span style=\"font-size: 16px;\"><strong>Expand your Professional Network:<\/strong> Every event, workshop or project is a chance to meet new people and build a solid network that can support you in your career.<\/span><\/li><\/ul><p><strong>Make a Difference in the Community<\/strong> <br \/>Volunteering at Adfaber means having a positive impact on the community.\u00a0<\/p><ul><li><strong>Educate and Inspire New Generations:<\/strong> By helping to organize and run workshops and educational programmes, you will play a direct role in inspiring and educating young people.<\/li><li><strong>Creating a Better Future:<\/strong> Every contribution, no matter the size, helps to build a brighter future for children and young people, giving them the skills and knowledge to succeed in tomorrow's world.<\/li><\/ul><p><strong>Join Our Team of Volunteers!<\/strong> <br \/>Whether you are an experienced expert or an enthusiastic student, your contribution can make a significant difference. Together, we can build a stronger community and a brighter future for all.<\/p>\t\t\t\t\t\t\t\t<\/div>\n\t\t\t\t\t<\/div>\n\t\t<\/div>\n\t\t\t\t\t<\/div>\n\t\t<\/section>\n\t\t\t\t<section class=\"elementor-section elementor-top-section elementor-element elementor-element-f4e73e6 elementor-section-boxed elementor-section-height-default elementor-section-height-default\" data-id=\"f4e73e6\" data-element_type=\"section\" data-e-type=\"section\">\n\t\t\t\t\t\t<div class=\"elementor-container elementor-column-gap-default\">\n\t\t\t\t\t<div class=\"elementor-column elementor-col-100 elementor-top-column elementor-element elementor-element-280c6fe\" data-id=\"280c6fe\" data-element_type=\"column\" data-e-type=\"column\">\n\t\t\t<div class=\"elementor-widget-wrap elementor-element-populated\">\n\t\t\t\t\t\t<div class=\"elementor-element elementor-element-67690b7 elementor-align-center elementor-widget elementor-widget-button\" data-id=\"67690b7\" data-element_type=\"widget\" data-e-type=\"widget\" data-widget_type=\"button.default\">\n\t\t\t\t\t\t\t\t\t\t<a class=\"elementor-button elementor-button-link elementor-size-lg\" href=\"https:\/\/forms.gle\/LHqWpXSDaUMTQ2vH9\" target=\"_blank\" rel=\"noopener\">\n\t\t\t\t\t\t<span class=\"elementor-button-content-wrapper\">\n\t\t\t\t\t\t\t\t\t<span class=\"elementor-button-text\">I want to get involved<\/span>\n\t\t\t\t\t<\/span>\n\t\t\t\t\t<\/a>\n\t\t\t\t\t\t\t\t<\/div>\n\t\t\t\t\t<\/div>\n\t\t<\/div>\n\t\t\t\t\t<\/div>\n\t\t<\/section>\n\t\t\t\t<\/div>","protected":false},"excerpt":{"rendered":"<p>Al\u0103tur\u0103-te ca Voluntar \u00een Programele Noastre Educa\u021bionale Cum pot s\u0103 m\u0103 implic? Completeaz\u0103 datele tale aici \u0219i noi te contact\u0103m De ce s\u0103 devii Voluntar? \u00cembog\u0103\u021be\u0219te-\u021bi Experien\u021ba Personal\u0103 \u0219i Profesional\u0103Voluntariatul la Adfaber nu este doar o oportunitate de a da \u00eenapoi comunit\u0103\u021bii, ci \u0219i o cale excelent\u0103 de a-\u021bi dezvolta abilit\u0103\u021bile personale \u0219i profesionale. Fie [&hellip;]<\/p>\n","protected":false},"author":1,"featured_media":6532,"parent":0,"menu_order":0,"comment_status":"closed","ping_status":"closed","template":"","meta":{"_eb_attr":"","site-sidebar-layout":"no-sidebar","site-content-layout":"page-builder","ast-site-content-layout":"default","site-content-style":"default","site-sidebar-style":"default","ast-global-header-display":"","ast-banner-title-visibility":"","ast-main-header-display":"","ast-hfb-above-header-display":"","ast-hfb-below-header-display":"","ast-hfb-mobile-header-display":"","site-post-title":"disabled","ast-breadcrumbs-content":"","ast-featured-img":"disabled","footer-sml-layout":"","ast-disable-related-posts":"","theme-transparent-header-meta":"","adv-header-id-meta":"","stick-header-meta":"","header-above-stick-meta":"","header-main-stick-meta":"","header-below-stick-meta":"","astra-migrate-meta-layouts":"default","ast-page-background-enabled":"default","ast-page-background-meta":{"desktop":{"background-color":"var(--ast-global-color-4)","background-image":"","background-repeat":"repeat","background-position":"center center","background-size":"auto","background-attachment":"scroll","background-type":"","background-media":"","overlay-type":"","overlay-color":"","overlay-opacity":"","overlay-gradient":""},"tablet":{"background-color":"","background-image":"","background-repeat":"repeat","background-position":"center center","background-size":"auto","background-attachment":"scroll","background-type":"","background-media":"","overlay-type":"","overlay-color":"","overlay-opacity":"","overlay-gradient":""},"mobile":{"background-color":"","background-image":"","background-repeat":"repeat","background-position":"center center","background-size":"auto","background-attachment":"scroll","background-type":"","background-media":"","overlay-type":"","overlay-color":"","overlay-opacity":"","overlay-gradient":""}},"ast-content-background-meta":{"desktop":{"background-color":"var(--ast-global-color-5)","background-image":"","background-repeat":"repeat","background-position":"center center","background-size":"auto","background-attachment":"scroll","background-type":"","background-media":"","overlay-type":"","overlay-color":"","overlay-opacity":"","overlay-gradient":""},"tablet":{"background-color":"var(--ast-global-color-5)","background-image":"","background-repeat":"repeat","background-position":"center center","background-size":"auto","background-attachment":"scroll","background-type":"","background-media":"","overlay-type":"","overlay-color":"","overlay-opacity":"","overlay-gradient":""},"mobile":{"background-color":"var(--ast-global-color-5)","background-image":"","background-repeat":"repeat","background-position":"center center","background-size":"auto","background-attachment":"scroll","background-type":"","background-media":"","overlay-type":"","overlay-color":"","overlay-opacity":"","overlay-gradient":""}},"footnotes":""},"class_list":["post-6468","page","type-page","status-publish","has-post-thumbnail","hentry"],"_links":{"self":[{"href":"https:\/\/adfaber.org\/en\/wp-json\/wp\/v2\/pages\/6468","targetHints":{"allow":["GET"]}}],"collection":[{"href":"https:\/\/adfaber.org\/en\/wp-json\/wp\/v2\/pages"}],"about":[{"href":"https:\/\/adfaber.org\/en\/wp-json\/wp\/v2\/types\/page"}],"author":[{"embeddable":true,"href":"https:\/\/adfaber.org\/en\/wp-json\/wp\/v2\/users\/1"}],"replies":[{"embeddable":true,"href":"https:\/\/adfaber.org\/en\/wp-json\/wp\/v2\/comments?post=6468"}],"version-history":[{"count":3,"href":"https:\/\/adfaber.org\/en\/wp-json\/wp\/v2\/pages\/6468\/revisions"}],"predecessor-version":[{"id":14242,"href":"https:\/\/adfaber.org\/en\/wp-json\/wp\/v2\/pages\/6468\/revisions\/14242"}],"wp:featuredmedia":[{"embeddable":true,"href":"https:\/\/adfaber.org\/en\/wp-json\/wp\/v2\/media\/6532"}],"wp:attachment":[{"href":"https:\/\/adfaber.org\/en\/wp-json\/wp\/v2\/media?parent=6468"}],"curies":[{"name":"wp","href":"https:\/\/api.w.org\/{rel}","templated":true}]}}