{"id":4736,"date":"2021-10-25T20:01:15","date_gmt":"2021-10-25T20:01:15","guid":{"rendered":"https:\/\/adfaber.org\/?page_id=4736"},"modified":"2023-06-23T13:10:46","modified_gmt":"2023-06-23T13:10:46","slug":"acord-gdpr","status":"publish","type":"page","link":"https:\/\/adfaber.org\/en\/acord-gdpr\/","title":{"rendered":"Acord GDPR"},"content":{"rendered":"<div data-elementor-type=\"wp-page\" data-elementor-id=\"4736\" class=\"elementor elementor-4736\" data-elementor-post-type=\"page\">\n\t\t\t\t\t\t<section class=\"elementor-section elementor-top-section elementor-element elementor-element-c6e25e6 elementor-section-boxed elementor-section-height-default elementor-section-height-default\" data-id=\"c6e25e6\" data-element_type=\"section\" data-e-type=\"section\">\n\t\t\t\t\t\t<div class=\"elementor-container elementor-column-gap-default\">\n\t\t\t\t\t<div class=\"elementor-column elementor-col-100 elementor-top-column elementor-element elementor-element-8a3a304\" data-id=\"8a3a304\" data-element_type=\"column\" data-e-type=\"column\">\n\t\t\t<div class=\"elementor-widget-wrap elementor-element-populated\">\n\t\t\t\t\t\t<div class=\"elementor-element elementor-element-98e805a elementor-widget elementor-widget-heading\" data-id=\"98e805a\" data-element_type=\"widget\" data-e-type=\"widget\" data-widget_type=\"heading.default\">\n\t\t\t\t\t<h2 class=\"elementor-heading-title elementor-size-default\">Consim\u021b\u0103m\u00e2nt GDPR<\/h2>\t\t\t\t<\/div>\n\t\t\t\t<div class=\"elementor-element elementor-element-98a1891 elementor-widget elementor-widget-text-editor\" data-id=\"98a1891\" data-element_type=\"widget\" data-e-type=\"widget\" data-widget_type=\"text-editor.default\">\n\t\t\t\t\t\t\t\t\t<p><strong>Stimate partener si prieten,<\/strong><\/p><p>Acest formular cuprinde o informare cu privire la datele colectate de la dumneavoastr\u0103. Colectarea acestor date se face in acord cu prevederile legii si cele stipulate in\u00a0<a href=\"https:\/\/adfaber.org\/en\/politica-de-confidentialitate\/\">Politica de Confidentialitate\u00a0<\/a>prezentate pe site-ul oficial\u00a0<a href=\"https:\/\/adfaber.org\/en\/\">www.adfaber.org<\/a><\/p><p>Prin acest formular, v\u0103 solicit\u0103m s\u0103 v\u0103 exprima\u021bi consim\u021b\u0103m\u00e2ntul pentru a putea utiliza datele dumneavoastr\u0103 cu caracter personal, \u00een scopurile specificate aici. V\u0103 rug\u0103m s\u0103 completa\u021bi acest formular doar dac\u0103 sunte\u021bi de acord s\u0103 ne acorda\u021bi acest consim\u021b\u0103m\u00e2nt \u00een vederea scopurilor specificate aici.<\/p><p><strong>Cine suntem?<\/strong><\/p><p>Asocia\u021bia \u201cADFABER\u201d &#8211; Technology for Social Change, organiza\u021bie non &#8211; profit, neguvernamental\u0103 \u0219i apolitic\u0103, dedicata dezvoltarii societatii si a schimbarii sociale prin intermediul tehnologiei. Actiunile noastre se concentreaza pe educatie, sanatate si mediu, domenii pe care noi le consideram esentiale pentru transformarea societatii prin tehnologie. ADFABER contribuie la educatia si specializarea generatiei viitoare prin implicarea in proiecte care au potentialul de a fi un raspuns pozitiv la nevoile societatii noastre.\u00a0<\/p><p>In vederea indeplinirii misiunii sale, Adfaber a creat si utlizeaza mai multe platforme\/ proiecte\/ aplicatii\/etc. Ne angajam sa cream un mediu sigur pentru utilizatorii de toate varstele pe toate site-urile noastre:\u00a0<a href=\"https:\/\/kidsintech.adfaber.org\/\">kidsintech.adfaber.org<\/a>,\u00a0<a href=\"https:\/\/codeschoolclubs.ro\" target=\"_blank\" rel=\"noopener\">codeschoolclubs.ro<\/a>,\u00a0<a href=\"http:\/\/pacientuldigital.adfaber.org\">pacientuldigital.ro<\/a>,\u00a0<a href=\"https:\/\/adfaber.org\/en\/\">adfaber.org<\/a>,\u00a0<a href=\"https:\/\/adfaber.org\/en\/technovation\/\">adfaber.org\/technovation, <\/a><a href=\"https:\/\/adfaber.org\/en\/hour-of-code\/\">hourofcode.adfaber.org<\/a>\u00a0si alte site-uri web, interfata de programare a aplicatiilor \u201cAPI\u201d) si servicii online (colectiv, \u201csite-ul\u201d nostru).\u00a0<\/p><p>Datele cu caracter personal pe care le preluam sunt cele din<strong>\u00a0Formularul\u00a0<\/strong>prezentat.<\/p><p><strong>\u00cen ce scopuri dorim s\u0103 utiliz\u0103m datele dumneavoastr\u0103?<\/strong><\/p><p>Datele dumneavoastr\u0103 sunt utilizate pentru a va permite participarea corespunzatoare in diferite activitati si actiuni intreprinse de asociatia noastra si pentru a va trimite e-mailuri ocazionale cu informatii despre Asociatia ADFABER, pe care noi consideram ca va intereseaza. Toate e-mailurile non-tranzactionale pe care le trimitem includ un link \u201cDezabonare\u201d la care puteti oricand apela in cazul in care nu mai doritit sa primiti astfel de comunicari din partea noastra.<\/p><p>Colectarea, folosirea, divulgarea si toate conditiile de utilizare a datelor cu caracter personal ale Utilizatorilor programelor\/aplicatiilor\/platformelor noastre sunt in conformitate cu\u00a0<a href=\"https:\/\/adfaber.org\/en\/politica-de-confidentialitate\/\">Politica de Confidentialitate<\/a>\u00a0prezentate pe site-ul nostru si in acord cu prevederile legii aplicabile in domeniu. Asociatia ADFABER NU va folosi datele Utilizatorilor programelor\/ aplicatiilor\/ platformelor sale de sanatate\/ educationale in alte scopuri decat cele autorizate, conform\u00a0<a href=\"https:\/\/adfaber.org\/en\/politica-de-confidentialitate\/\">Politicii de Confidentialitate<\/a>. Singurul context in care asociatia ADFABER poate disemina o parte din informatiile personale este cel in care acest lucru este cerut in mod expres de lege. Semnanrea prezentului document, reprezinta acordul dvs. ca datele personale sa fie preluate in scopul mentinerii unei bune comunicari intre dvs si actiunile si activitatile Asociatiei ADFABER.<\/p><p>In vederea imbunatartirii si optimizarii serviciilor noastre, Asociatia ADFABER poate utiliza o varietate de furnizori de servicii terte &#8211; cum ar fi servicii de curierat (pentru expedierea de premii, documente, etc), furnizori de solutii de plata online (donatii), etc. &#8211; cazuri in care suntem nevoiti sa comunicam anumite date personale, in acord cu Politica de Confidentialitate prezentata si comunicata pe site-ul nostru.\u00a0<\/p><p>ADFABER va depune toate eforturile pentru a se asigura de confiden\u021bialitatea \u0219i siguran\u021ba datelor cu caracter personal prin intermediul unor contracte semnate cu fiecare dintre entit\u0103\u021bile c\u0103rora le sunt divulgate aceste informa\u021bii. \u00cen m\u0103sura \u00een care lista partenerilor comerciali ADFABER va fi m\u0103rit\u0103, acest lucru va fi men\u021bionat \u00een\u00a0<a href=\"https:\/\/adfaber.org\/en\/politica-de-confidentialitate\/\">Politica de confiden\u021bialitate<\/a>.<\/p><p><strong>Drepturile dumneavoastr\u0103<\/strong><\/p><p>Ave\u021bi dreptul legal de acces la datele pe care ni le furniza\u021bi, precum \u0219i dreptul de a ne solicita rectificarea acestora sau restric\u021bionarea prelucr\u0103rii. Pentru a va exprima acest drept, ne puteti scrie la adresa de email\u00a0<strong>gdpr@adfaber.org<\/strong>.<\/p><p><strong>V\u0103 rug\u0103m s\u0103 ave\u021bi \u00een vedere c\u0103, prin semnarea acestui Acord GDPR, v\u0103 exprima\u021bi \u0219i acordul expres cu privire la transmiterea \u0219i prelucrarea datelor dumneavoastr\u0103, \u00een condi\u021biile specificate \u00een acest formular.<\/strong><\/p>\t\t\t\t\t\t\t\t<\/div>\n\t\t\t\t\t<\/div>\n\t\t<\/div>\n\t\t\t\t\t<\/div>\n\t\t<\/section>\n\t\t\t\t<\/div>","protected":false},"excerpt":{"rendered":"<p>Consim\u021b\u0103m\u00e2nt GDPR Stimate partener si prieten, Acest formular cuprinde o informare cu privire la datele colectate de la dumneavoastr\u0103. Colectarea acestor date se face in acord cu prevederile legii si cele stipulate in\u00a0Politica de Confidentialitate\u00a0prezentate pe site-ul oficial\u00a0www.adfaber.org Prin acest formular, v\u0103 solicit\u0103m s\u0103 v\u0103 exprima\u021bi consim\u021b\u0103m\u00e2ntul pentru a putea utiliza datele dumneavoastr\u0103 cu caracter [&hellip;]<\/p>\n","protected":false},"author":1,"featured_media":0,"parent":0,"menu_order":0,"comment_status":"closed","ping_status":"closed","template":"","meta":{"_eb_attr":"","site-sidebar-layout":"no-sidebar","site-content-layout":"page-builder","ast-site-content-layout":"default","site-content-style":"default","site-sidebar-style":"default","ast-global-header-display":"","ast-banner-title-visibility":"","ast-main-header-display":"","ast-hfb-above-header-display":"","ast-hfb-below-header-display":"","ast-hfb-mobile-header-display":"","site-post-title":"disabled","ast-breadcrumbs-content":"","ast-featured-img":"disabled","footer-sml-layout":"","ast-disable-related-posts":"","theme-transparent-header-meta":"default","adv-header-id-meta":"","stick-header-meta":"","header-above-stick-meta":"","header-main-stick-meta":"","header-below-stick-meta":"","astra-migrate-meta-layouts":"default","ast-page-background-enabled":"default","ast-page-background-meta":{"desktop":{"background-color":"var(--ast-global-color-4)","background-image":"","background-repeat":"repeat","background-position":"center center","background-size":"auto","background-attachment":"scroll","background-type":"","background-media":"","overlay-type":"","overlay-color":"","overlay-opacity":"","overlay-gradient":""},"tablet":{"background-color":"","background-image":"","background-repeat":"repeat","background-position":"center center","background-size":"auto","background-attachment":"scroll","background-type":"","background-media":"","overlay-type":"","overlay-color":"","overlay-opacity":"","overlay-gradient":""},"mobile":{"background-color":"","background-image":"","background-repeat":"repeat","background-position":"center center","background-size":"auto","background-attachment":"scroll","background-type":"","background-media":"","overlay-type":"","overlay-color":"","overlay-opacity":"","overlay-gradient":""}},"ast-content-background-meta":{"desktop":{"background-color":"var(--ast-global-color-5)","background-image":"","background-repeat":"repeat","background-position":"center center","background-size":"auto","background-attachment":"scroll","background-type":"","background-media":"","overlay-type":"","overlay-color":"","overlay-opacity":"","overlay-gradient":""},"tablet":{"background-color":"var(--ast-global-color-5)","background-image":"","background-repeat":"repeat","background-position":"center center","background-size":"auto","background-attachment":"scroll","background-type":"","background-media":"","overlay-type":"","overlay-color":"","overlay-opacity":"","overlay-gradient":""},"mobile":{"background-color":"var(--ast-global-color-5)","background-image":"","background-repeat":"repeat","background-position":"center center","background-size":"auto","background-attachment":"scroll","background-type":"","background-media":"","overlay-type":"","overlay-color":"","overlay-opacity":"","overlay-gradient":""}},"footnotes":""},"class_list":["post-4736","page","type-page","status-publish","hentry"],"_links":{"self":[{"href":"https:\/\/adfaber.org\/en\/wp-json\/wp\/v2\/pages\/4736","targetHints":{"allow":["GET"]}}],"collection":[{"href":"https:\/\/adfaber.org\/en\/wp-json\/wp\/v2\/pages"}],"about":[{"href":"https:\/\/adfaber.org\/en\/wp-json\/wp\/v2\/types\/page"}],"author":[{"embeddable":true,"href":"https:\/\/adfaber.org\/en\/wp-json\/wp\/v2\/users\/1"}],"replies":[{"embeddable":true,"href":"https:\/\/adfaber.org\/en\/wp-json\/wp\/v2\/comments?post=4736"}],"version-history":[{"count":0,"href":"https:\/\/adfaber.org\/en\/wp-json\/wp\/v2\/pages\/4736\/revisions"}],"wp:attachment":[{"href":"https:\/\/adfaber.org\/en\/wp-json\/wp\/v2\/media?parent=4736"}],"curies":[{"name":"wp","href":"https:\/\/api.w.org\/{rel}","templated":true}]}}