{"id":4164,"date":"2021-09-08T07:19:02","date_gmt":"2021-09-08T07:19:02","guid":{"rendered":"https:\/\/adfaber.org\/?page_id=4164"},"modified":"2025-03-28T10:17:37","modified_gmt":"2025-03-28T10:17:37","slug":"parinti","status":"publish","type":"page","link":"https:\/\/adfaber.org\/en\/parinti\/","title":{"rendered":"webinar-siguranta-online-parinti"},"content":{"rendered":"<div data-elementor-type=\"wp-page\" data-elementor-id=\"4164\" class=\"elementor elementor-4164\" data-elementor-post-type=\"page\">\n\t\t\t\t\t\t<section class=\"elementor-section elementor-top-section elementor-element elementor-element-1d2dd1c4 elementor-section-boxed elementor-section-height-default elementor-section-height-default\" data-id=\"1d2dd1c4\" data-element_type=\"section\" data-settings=\"{&quot;background_background&quot;:&quot;classic&quot;}\">\n\t\t\t\t\t\t<div class=\"elementor-container elementor-column-gap-default\">\n\t\t\t\t\t<div class=\"elementor-column elementor-col-100 elementor-top-column elementor-element elementor-element-15a3ea43\" data-id=\"15a3ea43\" data-element_type=\"column\">\n\t\t\t<div class=\"elementor-widget-wrap elementor-element-populated\">\n\t\t\t\t\t\t<section class=\"elementor-section elementor-inner-section elementor-element elementor-element-2b684337 elementor-section-boxed elementor-section-height-default elementor-section-height-default\" data-id=\"2b684337\" data-element_type=\"section\">\n\t\t\t\t\t\t<div class=\"elementor-container elementor-column-gap-default\">\n\t\t\t\t\t<div class=\"elementor-column elementor-col-50 elementor-inner-column elementor-element elementor-element-4866efc0\" data-id=\"4866efc0\" data-element_type=\"column\">\n\t\t\t<div class=\"elementor-widget-wrap elementor-element-populated\">\n\t\t\t\t\t\t<div class=\"elementor-element elementor-element-911ee6 elementor-widget elementor-widget-heading\" data-id=\"911ee6\" data-element_type=\"widget\" data-widget_type=\"heading.default\">\n\t\t\t\t\t<h2 class=\"elementor-heading-title elementor-size-default\">Webinar Siguran\u021b\u0103 Online pentru P\u0103rin\u021bi<\/h2>\t\t\t\t<\/div>\n\t\t\t\t<div class=\"elementor-element elementor-element-70d14a4 elementor-widget elementor-widget-text-editor\" data-id=\"70d14a4\" data-element_type=\"widget\" data-widget_type=\"text-editor.default\">\n\t\t\t\t\t\t\t\t\t<p>Descoper\u0103 cum s\u0103 protejezi copiii \u00een mediul online<\/p>\t\t\t\t\t\t\t\t<\/div>\n\t\t\t\t<div class=\"elementor-element elementor-element-5b33609a elementor-align-left elementor-widget elementor-widget-button\" data-id=\"5b33609a\" data-element_type=\"widget\" data-widget_type=\"button.default\">\n\t\t\t\t\t\t\t\t\t\t<a class=\"elementor-button elementor-button-link elementor-size-sm\" href=\"#form\">\n\t\t\t\t\t\t<span class=\"elementor-button-content-wrapper\">\n\t\t\t\t\t\t\t\t\t<span class=\"elementor-button-text\">Particip\u0103 acum<\/span>\n\t\t\t\t\t<\/span>\n\t\t\t\t\t<\/a>\n\t\t\t\t\t\t\t\t<\/div>\n\t\t\t\t\t<\/div>\n\t\t<\/div>\n\t\t\t\t<div class=\"elementor-column elementor-col-50 elementor-inner-column elementor-element elementor-element-7e5a6ee6\" data-id=\"7e5a6ee6\" data-element_type=\"column\">\n\t\t\t<div class=\"elementor-widget-wrap elementor-element-populated\">\n\t\t\t\t\t\t<div class=\"elementor-element elementor-element-479baddf elementor-widget elementor-widget-image\" data-id=\"479baddf\" data-element_type=\"widget\" data-widget_type=\"image.default\">\n\t\t\t\t\t\t\t\t\t\t\t\t\t\t\t<img fetchpriority=\"high\" decoding=\"async\" width=\"800\" height=\"800\" src=\"https:\/\/adfaber.org\/wp-content\/uploads\/2025\/02\/Copy-of-BIA_Internaut_PRUDENTA-1080x1080px-1-1.jpg\" class=\"attachment-large size-large wp-image-11144\" alt=\"\" srcset=\"https:\/\/adfaber.org\/wp-content\/uploads\/2025\/02\/Copy-of-BIA_Internaut_PRUDENTA-1080x1080px-1-1.jpg 800w, https:\/\/adfaber.org\/wp-content\/uploads\/2025\/02\/Copy-of-BIA_Internaut_PRUDENTA-1080x1080px-1-1-300x300.jpg 300w, https:\/\/adfaber.org\/wp-content\/uploads\/2025\/02\/Copy-of-BIA_Internaut_PRUDENTA-1080x1080px-1-1-150x150.jpg 150w, https:\/\/adfaber.org\/wp-content\/uploads\/2025\/02\/Copy-of-BIA_Internaut_PRUDENTA-1080x1080px-1-1-768x768.jpg 768w, https:\/\/adfaber.org\/wp-content\/uploads\/2025\/02\/Copy-of-BIA_Internaut_PRUDENTA-1080x1080px-1-1-12x12.jpg 12w\" sizes=\"(max-width: 800px) 100vw, 800px\" \/>\t\t\t\t\t\t\t\t\t\t\t\t\t\t\t<\/div>\n\t\t\t\t\t<\/div>\n\t\t<\/div>\n\t\t\t\t\t<\/div>\n\t\t<\/section>\n\t\t\t\t\t<\/div>\n\t\t<\/div>\n\t\t\t\t\t<\/div>\n\t\t<\/section>\n\t\t\t\t<section class=\"elementor-section elementor-top-section elementor-element elementor-element-1ffed23b elementor-section-boxed elementor-section-height-default elementor-section-height-default\" data-id=\"1ffed23b\" data-element_type=\"section\">\n\t\t\t\t\t\t<div class=\"elementor-container elementor-column-gap-default\">\n\t\t\t\t\t<div class=\"elementor-column elementor-col-33 elementor-top-column elementor-element elementor-element-158aa670\" data-id=\"158aa670\" data-element_type=\"column\">\n\t\t\t<div class=\"elementor-widget-wrap elementor-element-populated\">\n\t\t\t\t\t\t<div class=\"elementor-element elementor-element-45ef4176 elementor-widget elementor-widget-image\" data-id=\"45ef4176\" data-element_type=\"widget\" data-widget_type=\"image.default\">\n\t\t\t\t\t\t\t\t\t\t\t\t\t\t\t<img decoding=\"async\" width=\"300\" height=\"199\" src=\"https:\/\/adfaber.org\/wp-content\/uploads\/2025\/02\/tV0OUU0WTiKXNsVpIGCG_FH2A9782-1-300x199.jpg\" class=\"attachment-medium size-medium wp-image-11164\" alt=\"\" srcset=\"https:\/\/adfaber.org\/wp-content\/uploads\/2025\/02\/tV0OUU0WTiKXNsVpIGCG_FH2A9782-1-300x199.jpg 300w, https:\/\/adfaber.org\/wp-content\/uploads\/2025\/02\/tV0OUU0WTiKXNsVpIGCG_FH2A9782-1-18x12.jpg 18w, https:\/\/adfaber.org\/wp-content\/uploads\/2025\/02\/tV0OUU0WTiKXNsVpIGCG_FH2A9782-1.jpg 676w\" sizes=\"(max-width: 300px) 100vw, 300px\" \/>\t\t\t\t\t\t\t\t\t\t\t\t\t\t\t<\/div>\n\t\t\t\t<div class=\"elementor-element elementor-element-6f92b5b0 elementor-widget elementor-widget-heading\" data-id=\"6f92b5b0\" data-element_type=\"widget\" data-widget_type=\"heading.default\">\n\t\t\t\t\t<h4 class=\"elementor-heading-title elementor-size-default\">Educa\u021bie Adaptat\u0103 Realit\u0103\u021bilor Actuale<\/h4>\t\t\t\t<\/div>\n\t\t\t\t<div class=\"elementor-element elementor-element-21c36e1 elementor-widget elementor-widget-text-editor\" data-id=\"21c36e1\" data-element_type=\"widget\" data-widget_type=\"text-editor.default\">\n\t\t\t\t\t\t\t\t\t<p>P\u0103rin\u021bii vor \u00eenv\u0103\u021ba cele mai bune practici pentru siguran\u021ba online a copiilor lor<\/p>\t\t\t\t\t\t\t\t<\/div>\n\t\t\t\t\t<\/div>\n\t\t<\/div>\n\t\t\t\t<div class=\"elementor-column elementor-col-33 elementor-top-column elementor-element elementor-element-7c78f8d\" data-id=\"7c78f8d\" data-element_type=\"column\">\n\t\t\t<div class=\"elementor-widget-wrap elementor-element-populated\">\n\t\t\t\t\t\t<div class=\"elementor-element elementor-element-23af37ff elementor-widget elementor-widget-image\" data-id=\"23af37ff\" data-element_type=\"widget\" data-widget_type=\"image.default\">\n\t\t\t\t\t\t\t\t\t\t\t\t\t\t\t<img decoding=\"async\" width=\"300\" height=\"205\" src=\"https:\/\/adfaber.org\/wp-content\/uploads\/2025\/02\/5Se1mCIlQFqny26gjOcg_Internaut-Posters_RO_nu-te-lasa-pacalit-1-1-300x205.jpg\" class=\"attachment-medium size-medium wp-image-11168\" alt=\"\" srcset=\"https:\/\/adfaber.org\/wp-content\/uploads\/2025\/02\/5Se1mCIlQFqny26gjOcg_Internaut-Posters_RO_nu-te-lasa-pacalit-1-1-300x205.jpg 300w, https:\/\/adfaber.org\/wp-content\/uploads\/2025\/02\/5Se1mCIlQFqny26gjOcg_Internaut-Posters_RO_nu-te-lasa-pacalit-1-1-1024x700.jpg 1024w, https:\/\/adfaber.org\/wp-content\/uploads\/2025\/02\/5Se1mCIlQFqny26gjOcg_Internaut-Posters_RO_nu-te-lasa-pacalit-1-1-768x525.jpg 768w, https:\/\/adfaber.org\/wp-content\/uploads\/2025\/02\/5Se1mCIlQFqny26gjOcg_Internaut-Posters_RO_nu-te-lasa-pacalit-1-1-1536x1051.jpg 1536w, https:\/\/adfaber.org\/wp-content\/uploads\/2025\/02\/5Se1mCIlQFqny26gjOcg_Internaut-Posters_RO_nu-te-lasa-pacalit-1-1-18x12.jpg 18w, https:\/\/adfaber.org\/wp-content\/uploads\/2025\/02\/5Se1mCIlQFqny26gjOcg_Internaut-Posters_RO_nu-te-lasa-pacalit-1-1.jpg 1699w\" sizes=\"(max-width: 300px) 100vw, 300px\" \/>\t\t\t\t\t\t\t\t\t\t\t\t\t\t\t<\/div>\n\t\t\t\t<div class=\"elementor-element elementor-element-4b5b3caa elementor-widget elementor-widget-heading\" data-id=\"4b5b3caa\" data-element_type=\"widget\" data-widget_type=\"heading.default\">\n\t\t\t\t\t<h4 class=\"elementor-heading-title elementor-size-default\">Resurse pe care te po\u021bi baza imediat<\/h4>\t\t\t\t<\/div>\n\t\t\t\t<div class=\"elementor-element elementor-element-3b03a71f elementor-widget elementor-widget-text-editor\" data-id=\"3b03a71f\" data-element_type=\"widget\" data-widget_type=\"text-editor.default\">\n\t\t\t\t\t\t\t\t\t<p>Afl\u0103 cum ac\u021biunile online ale copiilor pot influen\u021ba viitorul lor<\/p>\t\t\t\t\t\t\t\t<\/div>\n\t\t\t\t\t<\/div>\n\t\t<\/div>\n\t\t\t\t<div class=\"elementor-column elementor-col-33 elementor-top-column elementor-element elementor-element-532c752d\" data-id=\"532c752d\" data-element_type=\"column\">\n\t\t\t<div class=\"elementor-widget-wrap elementor-element-populated\">\n\t\t\t\t\t\t<div class=\"elementor-element elementor-element-677526c4 elementor-widget elementor-widget-image\" data-id=\"677526c4\" data-element_type=\"widget\" data-widget_type=\"image.default\">\n\t\t\t\t\t\t\t\t\t\t\t\t\t\t\t<img loading=\"lazy\" decoding=\"async\" width=\"300\" height=\"202\" src=\"https:\/\/adfaber.org\/wp-content\/uploads\/2025\/02\/Z1fqsVtSYSpcpZV1OTmg_6-sept-1-1-300x202.png\" class=\"attachment-medium size-medium wp-image-11171\" alt=\"\" srcset=\"https:\/\/adfaber.org\/wp-content\/uploads\/2025\/02\/Z1fqsVtSYSpcpZV1OTmg_6-sept-1-1-300x202.png 300w, https:\/\/adfaber.org\/wp-content\/uploads\/2025\/02\/Z1fqsVtSYSpcpZV1OTmg_6-sept-1-1-768x517.png 768w, https:\/\/adfaber.org\/wp-content\/uploads\/2025\/02\/Z1fqsVtSYSpcpZV1OTmg_6-sept-1-1-18x12.png 18w, https:\/\/adfaber.org\/wp-content\/uploads\/2025\/02\/Z1fqsVtSYSpcpZV1OTmg_6-sept-1-1.png 782w\" sizes=\"(max-width: 300px) 100vw, 300px\" \/>\t\t\t\t\t\t\t\t\t\t\t\t\t\t\t<\/div>\n\t\t\t\t<div class=\"elementor-element elementor-element-3b12faee elementor-widget elementor-widget-heading\" data-id=\"3b12faee\" data-element_type=\"widget\" data-widget_type=\"heading.default\">\n\t\t\t\t\t<h4 class=\"elementor-heading-title elementor-size-default\">Stabilirea unui Dialog Deschis<\/h4>\t\t\t\t<\/div>\n\t\t\t\t<div class=\"elementor-element elementor-element-4fedcc8e elementor-widget elementor-widget-text-editor\" data-id=\"4fedcc8e\" data-element_type=\"widget\" data-widget_type=\"text-editor.default\">\n\t\t\t\t\t\t\t\t\t<p>Creaz\u0103 un mediu \u00een care copiii s\u0103 se simt\u0103 confortabil s\u0103 vorbeasc\u0103 despre experien\u021bele online<\/p>\t\t\t\t\t\t\t\t<\/div>\n\t\t\t\t\t<\/div>\n\t\t<\/div>\n\t\t\t\t\t<\/div>\n\t\t<\/section>\n\t\t\t\t<section class=\"elementor-section elementor-top-section elementor-element elementor-element-f4f7d03 elementor-section-boxed elementor-section-height-default elementor-section-height-default\" data-id=\"f4f7d03\" data-element_type=\"section\" data-settings=\"{&quot;background_background&quot;:&quot;classic&quot;}\">\n\t\t\t\t\t\t<div class=\"elementor-container elementor-column-gap-default\">\n\t\t\t\t\t<div class=\"elementor-column elementor-col-50 elementor-top-column elementor-element elementor-element-22475675\" data-id=\"22475675\" data-element_type=\"column\">\n\t\t\t<div class=\"elementor-widget-wrap elementor-element-populated\">\n\t\t\t\t\t\t<div class=\"elementor-element elementor-element-532ca1dd elementor-widget elementor-widget-heading\" data-id=\"532ca1dd\" data-element_type=\"widget\" data-widget_type=\"heading.default\">\n\t\t\t\t\t<h2 class=\"elementor-heading-title elementor-size-default\">Despre Webinar<\/h2>\t\t\t\t<\/div>\n\t\t\t\t\t<\/div>\n\t\t<\/div>\n\t\t\t\t<div class=\"elementor-column elementor-col-50 elementor-top-column elementor-element elementor-element-223d6436\" data-id=\"223d6436\" data-element_type=\"column\">\n\t\t\t<div class=\"elementor-widget-wrap elementor-element-populated\">\n\t\t\t\t\t\t<div class=\"elementor-element elementor-element-4a200017 elementor-widget elementor-widget-text-editor\" data-id=\"4a200017\" data-element_type=\"widget\" data-widget_type=\"text-editor.default\">\n\t\t\t\t\t\t\t\t\t<p>Descoper\u0103 cum s\u0103 navighezi \u00een siguran\u021b\u0103 \u00een lumea online al\u0103turi de copiii t\u0103i. Afl\u0103 cum s\u0103 previi riscurile \u0219i s\u0103 creezi o experien\u021b\u0103 digital\u0103 sigur\u0103 \u0219i educa\u021bional\u0103. Particip\u0103 la webinar pentru a ob\u021bine acces la resurse valoroase \u0219i instrumente practice.<\/p>\t\t\t\t\t\t\t\t<\/div>\n\t\t\t\t\t<\/div>\n\t\t<\/div>\n\t\t\t\t\t<\/div>\n\t\t<\/section>\n\t\t\t\t<section class=\"elementor-section elementor-top-section elementor-element elementor-element-4f3493c9 elementor-section-boxed elementor-section-height-default elementor-section-height-default\" data-id=\"4f3493c9\" data-element_type=\"section\">\n\t\t\t\t\t\t<div class=\"elementor-container elementor-column-gap-default\">\n\t\t\t\t\t<div class=\"elementor-column elementor-col-50 elementor-top-column elementor-element elementor-element-60c01512\" data-id=\"60c01512\" data-element_type=\"column\">\n\t\t\t<div class=\"elementor-widget-wrap elementor-element-populated\">\n\t\t\t\t\t\t<div class=\"elementor-element elementor-element-5c68cc57 elementor-widget elementor-widget-image\" data-id=\"5c68cc57\" data-element_type=\"widget\" data-widget_type=\"image.default\">\n\t\t\t\t\t\t\t\t\t\t\t\t\t\t\t<img loading=\"lazy\" decoding=\"async\" width=\"800\" height=\"533\" src=\"https:\/\/adfaber.org\/wp-content\/uploads\/2025\/02\/rnVAfoUaQPqoJUCBk2hO_Atemporalia-162-2-1.jpg\" class=\"attachment-large size-large wp-image-11172\" alt=\"\" srcset=\"https:\/\/adfaber.org\/wp-content\/uploads\/2025\/02\/rnVAfoUaQPqoJUCBk2hO_Atemporalia-162-2-1.jpg 800w, https:\/\/adfaber.org\/wp-content\/uploads\/2025\/02\/rnVAfoUaQPqoJUCBk2hO_Atemporalia-162-2-1-300x200.jpg 300w, https:\/\/adfaber.org\/wp-content\/uploads\/2025\/02\/rnVAfoUaQPqoJUCBk2hO_Atemporalia-162-2-1-768x512.jpg 768w, https:\/\/adfaber.org\/wp-content\/uploads\/2025\/02\/rnVAfoUaQPqoJUCBk2hO_Atemporalia-162-2-1-18x12.jpg 18w\" sizes=\"(max-width: 800px) 100vw, 800px\" \/>\t\t\t\t\t\t\t\t\t\t\t\t\t\t\t<\/div>\n\t\t\t\t\t<\/div>\n\t\t<\/div>\n\t\t\t\t<div class=\"elementor-column elementor-col-50 elementor-top-column elementor-element elementor-element-78ec6a8b\" data-id=\"78ec6a8b\" data-element_type=\"column\">\n\t\t\t<div class=\"elementor-widget-wrap elementor-element-populated\">\n\t\t\t\t\t\t<div class=\"elementor-element elementor-element-6eec1cd5 elementor-widget elementor-widget-heading\" data-id=\"6eec1cd5\" data-element_type=\"widget\" data-widget_type=\"heading.default\">\n\t\t\t\t\t<h3 class=\"elementor-heading-title elementor-size-default\">Despre Trainer<\/h3>\t\t\t\t<\/div>\n\t\t\t\t<div class=\"elementor-element elementor-element-14b6433d elementor-widget elementor-widget-text-editor\" data-id=\"14b6433d\" data-element_type=\"widget\" data-widget_type=\"text-editor.default\">\n\t\t\t\t\t\t\t\t\t<p>Salut! Sunt Alin Chiriac\u00a0\u0219i m\u0103 bucur c\u0103 am ocazia s\u0103 \u00ee\u021bi povestesc despre\u00a0siguran\u021ba online \u00eei programul Eroii Internetului. \u00cen aceast\u0103 comunitate vei g\u0103si p\u0103rin\u021bi pasiona\u021bi de educa\u021bie \u0219i de dezvoltarea copiilor lor.\u00a0<\/p>\t\t\t\t\t\t\t\t<\/div>\n\t\t\t\t\t<\/div>\n\t\t<\/div>\n\t\t\t\t\t<\/div>\n\t\t<\/section>\n\t\t\t\t<section class=\"elementor-section elementor-top-section elementor-element elementor-element-34527858 elementor-section-boxed elementor-section-height-default elementor-section-height-default\" data-id=\"34527858\" data-element_type=\"section\" data-settings=\"{&quot;background_background&quot;:&quot;classic&quot;}\">\n\t\t\t\t\t\t<div class=\"elementor-container elementor-column-gap-default\">\n\t\t\t\t\t<div class=\"elementor-column elementor-col-100 elementor-top-column elementor-element elementor-element-22847586\" data-id=\"22847586\" data-element_type=\"column\">\n\t\t\t<div class=\"elementor-widget-wrap elementor-element-populated\">\n\t\t\t\t\t\t<section class=\"elementor-section elementor-inner-section elementor-element elementor-element-2af795a8 elementor-section-boxed elementor-section-height-default elementor-section-height-default\" data-id=\"2af795a8\" data-element_type=\"section\" data-settings=\"{&quot;background_background&quot;:&quot;classic&quot;}\">\n\t\t\t\t\t\t<div class=\"elementor-container elementor-column-gap-default\">\n\t\t\t\t\t<div class=\"elementor-column elementor-col-100 elementor-inner-column elementor-element elementor-element-10d45dec\" data-id=\"10d45dec\" data-element_type=\"column\">\n\t\t\t<div class=\"elementor-widget-wrap elementor-element-populated\">\n\t\t\t\t\t\t<div class=\"elementor-element elementor-element-877545d elementor-widget elementor-widget-heading\" data-id=\"877545d\" data-element_type=\"widget\" data-widget_type=\"heading.default\">\n\t\t\t\t\t<h3 class=\"elementor-heading-title elementor-size-default\">Al\u0103tur\u0103-te \u0219i Protejeaz\u0103 Viitorul Copiilor T\u0103i<\/h3>\t\t\t\t<\/div>\n\t\t\t\t<div class=\"elementor-element elementor-element-85557ac elementor-widget elementor-widget-menu-anchor\" data-id=\"85557ac\" data-element_type=\"widget\" data-widget_type=\"menu-anchor.default\">\n\t\t\t\t\t\t\t<div class=\"elementor-menu-anchor\" id=\"form\"><\/div>\n\t\t\t\t\t\t<\/div>\n\t\t\t\t<div class=\"elementor-element elementor-element-2f73b71 elementor-widget elementor-widget-text-editor\" data-id=\"2f73b71\" data-element_type=\"widget\" data-widget_type=\"text-editor.default\">\n\t\t\t\t\t\t\t\t\t<p>Particip\u0103 la acest webinar pentru a \u00eenv\u0103\u021ba cum s\u0103 gestionezi \u0219i s\u0103 previi riscurile online pentru copiii t\u0103i. <br \/>Asigur\u0103-le o experien\u021b\u0103 digital\u0103 sigur\u0103 \u0219i pozitiv\u0103!<\/p>\t\t\t\t\t\t\t\t<\/div>\n\t\t\t\t<div class=\"elementor-element elementor-element-0535a42 elementor-widget elementor-widget-html\" data-id=\"0535a42\" data-element_type=\"widget\" data-widget_type=\"html.default\">\n\t\t\t\t\t<div style=\"display: flex; justify-content: center;\">\n  <form style=\"max-width: 400px; width: 100%; background: #f9f9f9; padding: 30px; border-radius: 8px; box-shadow: 0 4px 12px rgba(0,0,0,0.1);\" action=\"https:\/\/newsletter.adfaber.org\/subscribe\" method=\"POST\" accept-charset=\"utf-8\">\n    \n    <label for=\"name\" style=\"font-weight: bold;\">Name<\/label><br\/>\n    <input type=\"text\" name=\"name\" id=\"name\" style=\"width: 100%; margin-bottom: 15px;\"\/>\n\n    <label for=\"email\" style=\"font-weight: bold;\">E-mail<\/label><br\/>\n    <input type=\"email\" name=\"email\" id=\"email\" style=\"width: 100%; margin-bottom: 15px;\"\/>\n\n    <label for=\"Telefon(Optional)\" style=\"font-weight: bold;\">Telefon (Optional)<\/label><br\/>\n    <input type=\"text\" name=\"Telefon(Optional)\" id=\"Telefon(Optional)\" style=\"width: 100%; margin-bottom: 15px;\"\/>\n\n    <label for=\"\u021aar\u0103\" style=\"font-weight: bold;\">\u021aar\u0103<\/label><br\/>\n    <input type=\"text\" name=\"\u021aar\u0103\" id=\"\u021aar\u0103\" style=\"width: 100%; margin-bottom: 15px;\"\/>\n\n    <div class=\"g-recaptcha\" data-sitekey=\"6LcYT_sdAAAAAJBGkkmiUAD-5USWSo6zYjyWafRq\" style=\"margin-bottom: 15px;\"><\/div>\n\n    <div style=\"display:none;\">\n      <label for=\"hp\" style=\"font-weight: bold;\">HP<\/label><br\/>\n      <input type=\"text\" name=\"hp\" id=\"hp\"\/>\n    <\/div>\n\n    <input type=\"hidden\" name=\"list\" value=\"JTSp7wDHB7634yrbngkimanQ\"\/>\n    <input type=\"hidden\" name=\"subform\" value=\"yes\"\/>\n    <input type=\"submit\" id=\"submit\" value=\"Send\" style=\"background-color: #007BFF; color: white; border: none; padding: 10px 20px; border-radius: 4px; cursor: pointer;\"\/>\n  <\/form>\n<\/div>\n\n<!-- reCAPTCHA script -->\n<script src=\"https:\/\/www.google.com\/recaptcha\/api.js\" async defer><\/script>\t\t\t\t<\/div>\n\t\t\t\t\t<\/div>\n\t\t<\/div>\n\t\t\t\t\t<\/div>\n\t\t<\/section>\n\t\t\t\t\t<\/div>\n\t\t<\/div>\n\t\t\t\t\t<\/div>\n\t\t<\/section>\n\t\t\t\t<section class=\"elementor-section elementor-top-section elementor-element elementor-element-7d44c588 elementor-section-boxed elementor-section-height-default elementor-section-height-default\" data-id=\"7d44c588\" data-element_type=\"section\">\n\t\t\t\t\t\t<div class=\"elementor-container elementor-column-gap-default\">\n\t\t\t\t\t<div class=\"elementor-column elementor-col-100 elementor-top-column elementor-element elementor-element-67d1af2e\" data-id=\"67d1af2e\" data-element_type=\"column\">\n\t\t\t<div class=\"elementor-widget-wrap\">\n\t\t\t\t\t\t\t<\/div>\n\t\t<\/div>\n\t\t\t\t\t<\/div>\n\t\t<\/section>\n\t\t\t\t<section class=\"elementor-section elementor-top-section elementor-element elementor-element-ff120be elementor-section-boxed elementor-section-height-default elementor-section-height-default\" data-id=\"ff120be\" data-element_type=\"section\">\n\t\t\t\t\t\t<div class=\"elementor-container elementor-column-gap-default\">\n\t\t\t\t\t<div class=\"elementor-column elementor-col-100 elementor-top-column elementor-element elementor-element-047f598\" data-id=\"047f598\" data-element_type=\"column\">\n\t\t\t<div class=\"elementor-widget-wrap\">\n\t\t\t\t\t\t\t<\/div>\n\t\t<\/div>\n\t\t\t\t\t<\/div>\n\t\t<\/section>\n\t\t\t\t<\/div>","protected":false},"excerpt":{"rendered":"<p>Webinar Siguran\u021b\u0103 Online pentru P\u0103rin\u021bi Descoper\u0103 cum s\u0103 protejezi copiii \u00een mediul online Particip\u0103 acum Educa\u021bie Adaptat\u0103 Realit\u0103\u021bilor Actuale P\u0103rin\u021bii vor \u00eenv\u0103\u021ba cele mai bune practici pentru siguran\u021ba online a copiilor lor Resurse pe care te po\u021bi baza imediat Afl\u0103 cum ac\u021biunile online ale copiilor pot influen\u021ba viitorul lor Stabilirea unui Dialog Deschis Creaz\u0103 un [&hellip;]<\/p>","protected":false},"author":1,"featured_media":0,"parent":0,"menu_order":0,"comment_status":"closed","ping_status":"closed","template":"elementor_canvas","meta":{"_eb_attr":"","site-sidebar-layout":"no-sidebar","site-content-layout":"page-builder","ast-site-content-layout":"full-width-container","site-content-style":"unboxed","site-sidebar-style":"unboxed","ast-global-header-display":"","ast-banner-title-visibility":"","ast-main-header-display":"","ast-hfb-above-header-display":"","ast-hfb-below-header-display":"","ast-hfb-mobile-header-display":"","site-post-title":"disabled","ast-breadcrumbs-content":"","ast-featured-img":"disabled","footer-sml-layout":"","ast-disable-related-posts":"","theme-transparent-header-meta":"default","adv-header-id-meta":"","stick-header-meta":"","header-above-stick-meta":"","header-main-stick-meta":"","header-below-stick-meta":"","astra-migrate-meta-layouts":"set","ast-page-background-enabled":"default","ast-page-background-meta":{"desktop":{"background-color":"var(--ast-global-color-4)","background-image":"","background-repeat":"repeat","background-position":"center center","background-size":"auto","background-attachment":"scroll","background-type":"","background-media":"","overlay-type":"","overlay-color":"","overlay-opacity":"","overlay-gradient":""},"tablet":{"background-color":"","background-image":"","background-repeat":"repeat","background-position":"center center","background-size":"auto","background-attachment":"scroll","background-type":"","background-media":"","overlay-type":"","overlay-color":"","overlay-opacity":"","overlay-gradient":""},"mobile":{"background-color":"","background-image":"","background-repeat":"repeat","background-position":"center center","background-size":"auto","background-attachment":"scroll","background-type":"","background-media":"","overlay-type":"","overlay-color":"","overlay-opacity":"","overlay-gradient":""}},"ast-content-background-meta":{"desktop":{"background-color":"var(--ast-global-color-5)","background-image":"","background-repeat":"repeat","background-position":"center center","background-size":"auto","background-attachment":"scroll","background-type":"","background-media":"","overlay-type":"","overlay-color":"","overlay-opacity":"","overlay-gradient":""},"tablet":{"background-color":"var(--ast-global-color-5)","background-image":"","background-repeat":"repeat","background-position":"center center","background-size":"auto","background-attachment":"scroll","background-type":"","background-media":"","overlay-type":"","overlay-color":"","overlay-opacity":"","overlay-gradient":""},"mobile":{"background-color":"var(--ast-global-color-5)","background-image":"","background-repeat":"repeat","background-position":"center center","background-size":"auto","background-attachment":"scroll","background-type":"","background-media":"","overlay-type":"","overlay-color":"","overlay-opacity":"","overlay-gradient":""}},"footnotes":""},"class_list":["post-4164","page","type-page","status-publish","hentry"],"_links":{"self":[{"href":"https:\/\/adfaber.org\/en\/wp-json\/wp\/v2\/pages\/4164","targetHints":{"allow":["GET"]}}],"collection":[{"href":"https:\/\/adfaber.org\/en\/wp-json\/wp\/v2\/pages"}],"about":[{"href":"https:\/\/adfaber.org\/en\/wp-json\/wp\/v2\/types\/page"}],"author":[{"embeddable":true,"href":"https:\/\/adfaber.org\/en\/wp-json\/wp\/v2\/users\/1"}],"replies":[{"embeddable":true,"href":"https:\/\/adfaber.org\/en\/wp-json\/wp\/v2\/comments?post=4164"}],"version-history":[{"count":33,"href":"https:\/\/adfaber.org\/en\/wp-json\/wp\/v2\/pages\/4164\/revisions"}],"predecessor-version":[{"id":11696,"href":"https:\/\/adfaber.org\/en\/wp-json\/wp\/v2\/pages\/4164\/revisions\/11696"}],"wp:attachment":[{"href":"https:\/\/adfaber.org\/en\/wp-json\/wp\/v2\/media?parent=4164"}],"curies":[{"name":"wp","href":"https:\/\/api.w.org\/{rel}","templated":true}]}}