{"id":1183,"date":"2021-08-11T11:16:31","date_gmt":"2021-08-11T11:16:31","guid":{"rendered":"https:\/\/adfaber.org\/?page_id=1183"},"modified":"2023-10-18T13:34:53","modified_gmt":"2023-10-18T13:34:53","slug":"vreau-sa-devin-ambasador","status":"publish","type":"page","link":"https:\/\/adfaber.org\/en\/vreau-sa-devin-ambasador\/","title":{"rendered":"Vreau s\u0103 devin Ambasador"},"content":{"rendered":"<div data-elementor-type=\"wp-page\" data-elementor-id=\"1183\" class=\"elementor elementor-1183\" data-elementor-post-type=\"page\">\n\t\t\t\t\t\t<section class=\"elementor-section elementor-top-section elementor-element elementor-element-f5f5495 elementor-section-height-min-height elementor-section-full_width elementor-section-height-default elementor-section-items-middle\" data-id=\"f5f5495\" data-element_type=\"section\" data-settings=\"{&quot;background_background&quot;:&quot;classic&quot;}\">\n\t\t\t\t\t\t<div class=\"elementor-container elementor-column-gap-no\">\n\t\t\t\t\t<div class=\"elementor-column elementor-col-50 elementor-top-column elementor-element elementor-element-f064aa4\" data-id=\"f064aa4\" data-element_type=\"column\" data-settings=\"{&quot;background_background&quot;:&quot;classic&quot;}\">\n\t\t\t<div class=\"elementor-widget-wrap elementor-element-populated\">\n\t\t\t\t\t\t<div class=\"elementor-element elementor-element-d652a30 elementor-widget elementor-widget-heading\" data-id=\"d652a30\" data-element_type=\"widget\" data-widget_type=\"heading.default\">\n\t\t\t\t\t<h2 class=\"elementor-heading-title elementor-size-default\">Vreau s\u0103 devin Ambasador Eroii <br>Internetului<\/h2>\t\t\t\t<\/div>\n\t\t\t\t\t<\/div>\n\t\t<\/div>\n\t\t\t\t<div class=\"elementor-column elementor-col-50 elementor-top-column elementor-element elementor-element-1f8650b elementor-hidden-tablet\" data-id=\"1f8650b\" data-element_type=\"column\" data-settings=\"{&quot;background_background&quot;:&quot;classic&quot;}\">\n\t\t\t<div class=\"elementor-widget-wrap\">\n\t\t\t\t\t\t\t<\/div>\n\t\t<\/div>\n\t\t\t\t\t<\/div>\n\t\t<\/section>\n\t\t\t\t<section class=\"elementor-section elementor-top-section elementor-element elementor-element-6ba55bc elementor-section-boxed elementor-section-height-default elementor-section-height-default\" data-id=\"6ba55bc\" data-element_type=\"section\">\n\t\t\t\t\t\t<div class=\"elementor-container elementor-column-gap-default\">\n\t\t\t\t\t<div class=\"elementor-column elementor-col-50 elementor-top-column elementor-element elementor-element-f43ad68\" data-id=\"f43ad68\" data-element_type=\"column\">\n\t\t\t<div class=\"elementor-widget-wrap elementor-element-populated\">\n\t\t\t\t\t\t<div class=\"elementor-element elementor-element-d00f2e2 elementor-widget elementor-widget-image\" data-id=\"d00f2e2\" data-element_type=\"widget\" data-widget_type=\"image.default\">\n\t\t\t\t\t\t\t\t\t\t\t\t\t\t\t<img fetchpriority=\"high\" decoding=\"async\" width=\"1024\" height=\"768\" src=\"https:\/\/adfaber.org\/wp-content\/uploads\/2023\/10\/387854447_725663969593830_1917911424605476141_n-1024x768.jpg\" class=\"attachment-large size-large wp-image-9187\" alt=\"\" srcset=\"https:\/\/adfaber.org\/wp-content\/uploads\/2023\/10\/387854447_725663969593830_1917911424605476141_n-1024x768.jpg 1024w, https:\/\/adfaber.org\/wp-content\/uploads\/2023\/10\/387854447_725663969593830_1917911424605476141_n-300x225.jpg 300w, https:\/\/adfaber.org\/wp-content\/uploads\/2023\/10\/387854447_725663969593830_1917911424605476141_n-768x576.jpg 768w, https:\/\/adfaber.org\/wp-content\/uploads\/2023\/10\/387854447_725663969593830_1917911424605476141_n-1536x1152.jpg 1536w, https:\/\/adfaber.org\/wp-content\/uploads\/2023\/10\/387854447_725663969593830_1917911424605476141_n-16x12.jpg 16w, https:\/\/adfaber.org\/wp-content\/uploads\/2023\/10\/387854447_725663969593830_1917911424605476141_n.jpg 2048w\" sizes=\"(max-width: 1024px) 100vw, 1024px\" \/>\t\t\t\t\t\t\t\t\t\t\t\t\t\t\t<\/div>\n\t\t\t\t\t<\/div>\n\t\t<\/div>\n\t\t\t\t<div class=\"elementor-column elementor-col-50 elementor-top-column elementor-element elementor-element-92e50b4\" data-id=\"92e50b4\" data-element_type=\"column\">\n\t\t\t<div class=\"elementor-widget-wrap elementor-element-populated\">\n\t\t\t\t\t\t<div class=\"elementor-element elementor-element-d0dcf8b elementor-widget elementor-widget-heading\" data-id=\"d0dcf8b\" data-element_type=\"widget\" data-widget_type=\"heading.default\">\n\t\t\t\t\t<h2 class=\"elementor-heading-title elementor-size-default\">Fii AMBASADORUL - EROU care mobilizeaz\u0103 \u00eentreaga \u0219coal\u0103 \u00een cel mai important program de educa\u021bie pentru elevii din clasele 0-VIII.<\/h2>\t\t\t\t<\/div>\n\t\t\t\t<section class=\"elementor-section elementor-inner-section elementor-element elementor-element-6fc4014 elementor-section-boxed elementor-section-height-default elementor-section-height-default\" data-id=\"6fc4014\" data-element_type=\"section\">\n\t\t\t\t\t\t<div class=\"elementor-container elementor-column-gap-default\">\n\t\t\t\t\t<div class=\"elementor-column elementor-col-100 elementor-inner-column elementor-element elementor-element-912b7a5\" data-id=\"912b7a5\" data-element_type=\"column\">\n\t\t\t<div class=\"elementor-widget-wrap elementor-element-populated\">\n\t\t\t\t\t\t<div class=\"elementor-element elementor-element-ab23224 elementor-widget elementor-widget-heading\" data-id=\"ab23224\" data-element_type=\"widget\" data-widget_type=\"heading.default\">\n\t\t\t\t\t<p class=\"elementor-heading-title elementor-size-default\">Ofer\u0103 elevilor din \u0219coala ta \u0219ansa s\u0103 \u00eenve\u021be despre pericolele din mediul online \u0219i ce \u00eenseamn\u0103 s\u0103 fii un cet\u0103\u021bean digital responsabil!<\/p>\t\t\t\t<\/div>\n\t\t\t\t<div class=\"elementor-element elementor-element-69b229c elementor-widget elementor-widget-heading\" data-id=\"69b229c\" data-element_type=\"widget\" data-widget_type=\"heading.default\">\n\t\t\t\t\t<h2 class=\"elementor-heading-title elementor-size-default\"><span style=\"color: var( --e-global-color-primary );font-family: var( --e-global-typography-primary-font-family ), Sans-serif;font-size: 2rem;font-weight: var( --e-global-typography-primary-font-weight );text-align: center;background-color: var(--ast-global-color-4)\">Profesorii ambasadori se pot \u00eenscrie din nou \u00een program din septembrie 2023!<\/span><\/h2>\t\t\t\t<\/div>\n\t\t\t\t\t<\/div>\n\t\t<\/div>\n\t\t\t\t\t<\/div>\n\t\t<\/section>\n\t\t\t\t\t<\/div>\n\t\t<\/div>\n\t\t\t\t\t<\/div>\n\t\t<\/section>\n\t\t\t\t<section class=\"elementor-section elementor-top-section elementor-element elementor-element-91de1b5 elementor-section-boxed elementor-section-height-default elementor-section-height-default\" data-id=\"91de1b5\" data-element_type=\"section\">\n\t\t\t\t\t\t<div class=\"elementor-container elementor-column-gap-default\">\n\t\t\t\t\t<div class=\"elementor-column elementor-col-50 elementor-top-column elementor-element elementor-element-78eb36f\" data-id=\"78eb36f\" data-element_type=\"column\">\n\t\t\t<div class=\"elementor-widget-wrap elementor-element-populated\">\n\t\t\t\t\t\t<div class=\"elementor-element elementor-element-e61082f elementor-widget elementor-widget-heading\" data-id=\"e61082f\" data-element_type=\"widget\" data-widget_type=\"heading.default\">\n\t\t\t\t\t<h2 class=\"elementor-heading-title elementor-size-default\">Ce \u00eenseamn\u0103 s\u0103 fii profesor ambasador<br> pentru Eroii Internetului?<\/h2>\t\t\t\t<\/div>\n\t\t\t\t<div class=\"elementor-element elementor-element-6afcf70 elementor-widget__width-inherit elementor-widget elementor-widget-heading\" data-id=\"6afcf70\" data-element_type=\"widget\" data-widget_type=\"heading.default\">\n\t\t\t\t\t<p class=\"elementor-heading-title elementor-size-small\">Un ambasador aduce \u00een \u0219coala \u00een care profeseaz\u0103 programul Eroii Internetului, cel mai frumos program de educa\u021bie cu privire la siguran\u021ba pe internet.<\/p>\t\t\t\t<\/div>\n\t\t\t\t<div class=\"elementor-element elementor-element-5114d2f elementor-widget elementor-widget-heading\" data-id=\"5114d2f\" data-element_type=\"widget\" data-widget_type=\"heading.default\">\n\t\t\t\t\t<p class=\"elementor-heading-title elementor-size-default\">\u00cen timp ce formeaz\u0103 viitori cet\u0103\u021beni digitali responsabili, profesorul ambasador poate c\u00e2\u0219tiga premii al\u0103turi de profesorii c\u0103rora le prezint\u0103 proiectul \u0219i de echipa care c\u00e2\u0219tig\u0103 competi\u021bia.\n<\/p>\t\t\t\t<\/div>\n\t\t\t\t<div class=\"elementor-element elementor-element-5a46b1d elementor-widget elementor-widget-heading\" data-id=\"5a46b1d\" data-element_type=\"widget\" data-widget_type=\"heading.default\">\n\t\t\t\t\t<p class=\"elementor-heading-title elementor-size-default\">\u00cen urma promov\u0103rii competi\u021biei \u0219i bunelor practici pe internet, noi vom oferi un certificat de ambasador care atest\u0103 expertiza \u00een domeniul siguran\u021bei online, iar activitatea din cadrul programului va fi promovat\u0103 \u00een interviuri \u0219i materiale special dedicate \u0219colii, realizate de noi.<\/p>\t\t\t\t<\/div>\n\t\t\t\t<div class=\"elementor-element elementor-element-d5bc60b elementor-align-center elementor-widget elementor-widget-button\" data-id=\"d5bc60b\" data-element_type=\"widget\" data-widget_type=\"button.default\">\n\t\t\t\t\t\t\t\t\t\t<a class=\"elementor-button elementor-button-link elementor-size-sm\" href=\"https:\/\/cursuri.adfaber.org\/inregistrare-profesori\">\n\t\t\t\t\t\t<span class=\"elementor-button-content-wrapper\">\n\t\t\t\t\t\t\t\t\t<span class=\"elementor-button-text\">\u00cenregistrare<\/span>\n\t\t\t\t\t<\/span>\n\t\t\t\t\t<\/a>\n\t\t\t\t\t\t\t\t<\/div>\n\t\t\t\t\t<\/div>\n\t\t<\/div>\n\t\t\t\t<div class=\"elementor-column elementor-col-50 elementor-top-column elementor-element elementor-element-ace2608\" data-id=\"ace2608\" data-element_type=\"column\">\n\t\t\t<div class=\"elementor-widget-wrap elementor-element-populated\">\n\t\t\t\t\t\t<div class=\"elementor-element elementor-element-b4acc8c elementor-widget elementor-widget-image\" data-id=\"b4acc8c\" data-element_type=\"widget\" data-widget_type=\"image.default\">\n\t\t\t\t\t\t\t\t\t\t\t\t\t\t\t<img decoding=\"async\" width=\"724\" height=\"1024\" src=\"https:\/\/adfaber.org\/wp-content\/uploads\/2021\/08\/internaut-ambasador-724x1024.jpg\" class=\"attachment-large size-large wp-image-1328\" alt=\"\" srcset=\"https:\/\/adfaber.org\/wp-content\/uploads\/2021\/08\/internaut-ambasador-724x1024.jpg 724w, https:\/\/adfaber.org\/wp-content\/uploads\/2021\/08\/internaut-ambasador-212x300.jpg 212w, https:\/\/adfaber.org\/wp-content\/uploads\/2021\/08\/internaut-ambasador-768x1086.jpg 768w, https:\/\/adfaber.org\/wp-content\/uploads\/2021\/08\/internaut-ambasador.jpg 794w\" sizes=\"(max-width: 724px) 100vw, 724px\" \/>\t\t\t\t\t\t\t\t\t\t\t\t\t\t\t<\/div>\n\t\t\t\t\t<\/div>\n\t\t<\/div>\n\t\t\t\t\t<\/div>\n\t\t<\/section>\n\t\t\t\t<section class=\"elementor-section elementor-top-section elementor-element elementor-element-c64c92f elementor-section-boxed elementor-section-height-default elementor-section-height-default\" data-id=\"c64c92f\" data-element_type=\"section\">\n\t\t\t\t\t\t<div class=\"elementor-container elementor-column-gap-default\">\n\t\t\t\t\t<div class=\"elementor-column elementor-col-100 elementor-top-column elementor-element elementor-element-1d4e261\" data-id=\"1d4e261\" data-element_type=\"column\">\n\t\t\t<div class=\"elementor-widget-wrap elementor-element-populated\">\n\t\t\t\t\t\t<div class=\"elementor-element elementor-element-e5cb287 elementor-widget elementor-widget-heading\" data-id=\"e5cb287\" data-element_type=\"widget\" data-widget_type=\"heading.default\">\n\t\t\t\t\t<h2 class=\"elementor-heading-title elementor-size-default\">Ce implic\u0103 rolul de ambasador<\/h2>\t\t\t\t<\/div>\n\t\t\t\t<div class=\"elementor-element elementor-element-4a87895 elementor-widget elementor-widget-heading\" data-id=\"4a87895\" data-element_type=\"widget\" data-widget_type=\"heading.default\">\n\t\t\t\t\t<p class=\"elementor-heading-title elementor-size-default\">Prezent\u0103m mai jos o list\u0103 cu activit\u0103\u021bile pe care le vei avea dac\u0103 te decizi s\u0103 devii ambasador Eroii Internetului pentru \u0219coala ta.<\/p>\t\t\t\t<\/div>\n\t\t\t\t\t<\/div>\n\t\t<\/div>\n\t\t\t\t\t<\/div>\n\t\t<\/section>\n\t\t\t\t<section class=\"elementor-section elementor-top-section elementor-element elementor-element-e5a833f elementor-section-boxed elementor-section-height-default elementor-section-height-default\" data-id=\"e5a833f\" data-element_type=\"section\">\n\t\t\t\t\t\t<div class=\"elementor-container elementor-column-gap-default\">\n\t\t\t\t\t<div class=\"elementor-column elementor-col-100 elementor-top-column elementor-element elementor-element-3f70406\" data-id=\"3f70406\" data-element_type=\"column\">\n\t\t\t<div class=\"elementor-widget-wrap elementor-element-populated\">\n\t\t\t\t\t\t<div class=\"elementor-element elementor-element-351c6b8 elementor-widget elementor-widget-timeline-widget-addon\" data-id=\"351c6b8\" data-element_type=\"widget\" data-widget_type=\"timeline-widget-addon.default\">\n\t\t\t\t<div class=\"elementor-widget-container\">\n\t\t\t\t\t<!-- ========= Timeline Widget Addon For Elementor 1.6.17 ========= -->\n<div id=\"twae-wrapper-351c6b8\" class=\"twae-vertical twae-wrapper  twae-both-sided\">   \n    <div class=\"twae-start\"><\/div>    \n    <div id=\"twea-timeline-351c6b8\" class=\"twae-timeline\" ><!-- Start of Story Repeater Content --><div id=\"story-574bd63\" class=\"twae-story twae-repeater-item twae-story-right twae-story-no-icon\"><!-- Story Label --><div class=\"twae-labels\"><div class=\"twae-label-big\">1. <\/div><\/div><!-- Story Icon --><div class=\"twae-icon\"><i aria-hidden=\"true\" class=\"fab fa-first-order-alt\"><\/i><\/div><!-- Story Arrow --><div class=\"twae-arrow\"><\/div><!-- Start of Story Content --><div class=\"twae-content\"><!-- Story Title --><div class=\"twae-title\">Implicare Colegi<\/div><!-- Story Description --><div class=\"twae-description\"><p>Prima misiune \u00een calitate de ambasador al programului este s\u0103 mobilizezi c\u00e2\u021bi mai mul\u021bi colegi s\u0103 participe la cele 3 webinarii care prezint\u0103 pas cu pas resursele gratuite \u0219i scenariile ce pot fi prezentate la clas\u0103.<\/p><\/div><\/div><\/div><!-- Start of Story Repeater Content --><div id=\"story-70b62cb\" class=\"twae-story twae-repeater-item twae-story-left twae-story-no-icon\"><!-- Story Label --><div class=\"twae-labels\"><div class=\"twae-label-big\">2.<\/div><\/div><!-- Story Icon --><div class=\"twae-icon\"><i aria-hidden=\"true\" class=\"far fa-sun\"><\/i><\/div><!-- Story Arrow --><div class=\"twae-arrow\"><\/div><!-- Start of Story Content --><div class=\"twae-content\"><!-- Story Title --><div class=\"twae-title\">Documentare program<\/div><!-- Story Description --><div class=\"twae-description\"><p>Documenteaz\u0103 cu ajutorul c\u00e2torva fotografii sau filmule\u021be interac\u021biunea cu elevii pe cei 5 piloni din program. Nu este nevoie s\u0103 se vad\u0103 fa\u021ba copiilor vreun moment - c\u00e2teva imagini de la avizier, holurile \u0219colii, momente de interac\u021biune la clas\u0103.<\/p><\/div><\/div><\/div><!-- Start of Story Repeater Content --><div id=\"story-f6b420b\" class=\"twae-story twae-repeater-item twae-story-right twae-story-no-icon\"><!-- Story Label --><div class=\"twae-labels\"><div class=\"twae-label-big\">3. <\/div><\/div><!-- Story Icon --><div class=\"twae-icon\"><i aria-hidden=\"true\" class=\"fas fa-sun\"><\/i><\/div><!-- Story Arrow --><div class=\"twae-arrow\"><\/div><!-- Start of Story Content --><div class=\"twae-content\"><!-- Story Title --><div class=\"twae-title\">Echipe \u00een competi\u021bie<\/div><!-- Story Description --><div class=\"twae-description\"><p>La final, \u00eencurajeaz\u0103 elevii \u0219i profesorii care au beneficiat de program s\u0103 participe \u00een <a href=\"https:\/\/adfaber.org\/en\/competitia-eroii-internetului\/\">Competi\u021bia Na\u021bional\u0103 Eroii Internetului<\/a>, creat\u0103 special pentru ei.<\/p><\/div><\/div><\/div><\/div>\n    <div class=\"twae-end\"><\/div>\n    <\/div><style type=\"text\/css\">@media (max-width: 1024px){ .twae-wrapper{--tw-ybx-size: 80px !important;}}@media (max-width: 767px){ .twae-wrapper{--tw-ybx-size: 80px !important}}<\/style>\t\t\t\t<\/div>\n\t\t\t\t<\/div>\n\t\t\t\t<div class=\"elementor-element elementor-element-87ca6db elementor-align-center elementor-widget elementor-widget-button\" data-id=\"87ca6db\" data-element_type=\"widget\" data-widget_type=\"button.default\">\n\t\t\t\t\t\t\t\t\t\t<a class=\"elementor-button elementor-button-link elementor-size-sm\" href=\"https:\/\/cursuri.adfaber.org\/inregistrare-profesori\">\n\t\t\t\t\t\t<span class=\"elementor-button-content-wrapper\">\n\t\t\t\t\t\t\t\t\t<span class=\"elementor-button-text\">\u00cenregistrare<\/span>\n\t\t\t\t\t<\/span>\n\t\t\t\t\t<\/a>\n\t\t\t\t\t\t\t\t<\/div>\n\t\t\t\t\t<\/div>\n\t\t<\/div>\n\t\t\t\t\t<\/div>\n\t\t<\/section>\n\t\t\t\t<section class=\"elementor-section elementor-top-section elementor-element elementor-element-90411b2 elementor-section-boxed elementor-section-height-default elementor-section-height-default\" data-id=\"90411b2\" data-element_type=\"section\">\n\t\t\t\t\t\t<div class=\"elementor-container elementor-column-gap-default\">\n\t\t\t\t\t<div class=\"elementor-column elementor-col-50 elementor-top-column elementor-element elementor-element-fa14852\" data-id=\"fa14852\" data-element_type=\"column\">\n\t\t\t<div class=\"elementor-widget-wrap elementor-element-populated\">\n\t\t\t\t\t\t<div class=\"elementor-element elementor-element-042a44d elementor-widget elementor-widget-heading\" data-id=\"042a44d\" data-element_type=\"widget\" data-widget_type=\"heading.default\">\n\t\t\t\t\t<h2 class=\"elementor-heading-title elementor-size-default\">Beneficii<\/h2>\t\t\t\t<\/div>\n\t\t\t\t<div class=\"elementor-element elementor-element-a4c810b elementor-widget elementor-widget-spacer\" data-id=\"a4c810b\" data-element_type=\"widget\" data-widget_type=\"spacer.default\">\n\t\t\t\t\t\t\t<div class=\"elementor-spacer\">\n\t\t\t<div class=\"elementor-spacer-inner\"><\/div>\n\t\t<\/div>\n\t\t\t\t\t\t<\/div>\n\t\t\t\t<div class=\"elementor-element elementor-element-b253aed elementor-widget elementor-widget-text-editor\" data-id=\"b253aed\" data-element_type=\"widget\" data-widget_type=\"text-editor.default\">\n\t\t\t\t\t\t\t\t\t<p><span style=\"color: rgba(0, 0, 0, 0.76); font-family: 'Open Sans', sans-serif; white-space-collapse: preserve;\">\u00cen timp ce formeaz\u0103 viitori cet\u0103\u021beni digitali responsabili, profesorul ambasador poate c\u00e2\u0219tiga premii al\u0103turi de profesorii c\u0103rora le prezint\u0103 proiectul \u0219i de echipa care c\u00e2\u0219tig\u0103 competi\u021bia.<\/span><\/p><p>\u0218tim c\u0103 timpul se \u00eenc\u0103p\u0103\u021b\u00e2neaz\u0103 s\u0103 fie mult prea scurt atunci c\u00e2nd apare un nou proiect, iar noi vrem s\u0103 v\u0103 mul\u021bumim pentru implicarea dumneavoastr\u0103, pentru fiecare minut pe care \u00eel acorda\u021bi programului \u0219i competi\u021biei Eroii Internetului \u0219i pentru dedicarea pe care o ave\u021bi pentru elevi.<\/p><p>\u00censcrie\u021bi-v\u0103 ca profesor ambasador actualiz\u00e2nd profilul dumneavoastr\u0103 \u00een platforma Adfaber &#8211; Sec\u021biunea \u201eAmbasadori\u201d.\u00a0Mai mul\u021bi profesori participan\u021bi la training \u00eenseamn\u0103 mai multe \u0219anse pentru elevi la o educa\u021bie despre siguran\u021ba online.<\/p>\t\t\t\t\t\t\t\t<\/div>\n\t\t\t\t\t<\/div>\n\t\t<\/div>\n\t\t\t\t<div class=\"elementor-column elementor-col-50 elementor-top-column elementor-element elementor-element-68be20c\" data-id=\"68be20c\" data-element_type=\"column\">\n\t\t\t<div class=\"elementor-widget-wrap elementor-element-populated\">\n\t\t\t\t\t\t<div class=\"elementor-element elementor-element-5083ff2 elementor-widget elementor-widget-image\" data-id=\"5083ff2\" data-element_type=\"widget\" data-widget_type=\"image.default\">\n\t\t\t\t\t\t\t\t\t\t\t\t\t\t\t<img decoding=\"async\" width=\"724\" height=\"1024\" src=\"https:\/\/adfaber.org\/wp-content\/uploads\/2021\/08\/internaut-ambasador-724x1024.jpg\" class=\"attachment-large size-large wp-image-1328\" alt=\"\" srcset=\"https:\/\/adfaber.org\/wp-content\/uploads\/2021\/08\/internaut-ambasador-724x1024.jpg 724w, https:\/\/adfaber.org\/wp-content\/uploads\/2021\/08\/internaut-ambasador-212x300.jpg 212w, https:\/\/adfaber.org\/wp-content\/uploads\/2021\/08\/internaut-ambasador-768x1086.jpg 768w, https:\/\/adfaber.org\/wp-content\/uploads\/2021\/08\/internaut-ambasador.jpg 794w\" sizes=\"(max-width: 724px) 100vw, 724px\" \/>\t\t\t\t\t\t\t\t\t\t\t\t\t\t\t<\/div>\n\t\t\t\t\t<\/div>\n\t\t<\/div>\n\t\t\t\t\t<\/div>\n\t\t<\/section>\n\t\t\t\t<\/div>","protected":false},"excerpt":{"rendered":"<p>Vreau s\u0103 devin Ambasador Eroii Internetului Fii AMBASADORUL &#8211; EROU care mobilizeaz\u0103 \u00eentreaga \u0219coal\u0103 \u00een cel mai important program de educa\u021bie pentru elevii din clasele 0-VIII. Ofer\u0103 elevilor din \u0219coala ta \u0219ansa s\u0103 \u00eenve\u021be despre pericolele din mediul online \u0219i ce \u00eenseamn\u0103 s\u0103 fii un cet\u0103\u021bean digital responsabil! Profesorii ambasadori se pot \u00eenscrie din nou [&hellip;]<\/p>","protected":false},"author":1,"featured_media":0,"parent":0,"menu_order":0,"comment_status":"closed","ping_status":"closed","template":"","meta":{"_eb_attr":"","site-sidebar-layout":"no-sidebar","site-content-layout":"page-builder","ast-site-content-layout":"default","site-content-style":"default","site-sidebar-style":"default","ast-global-header-display":"","ast-banner-title-visibility":"","ast-main-header-display":"","ast-hfb-above-header-display":"","ast-hfb-below-header-display":"","ast-hfb-mobile-header-display":"","site-post-title":"disabled","ast-breadcrumbs-content":"","ast-featured-img":"","footer-sml-layout":"","ast-disable-related-posts":"","theme-transparent-header-meta":"default","adv-header-id-meta":"","stick-header-meta":"","header-above-stick-meta":"","header-main-stick-meta":"","header-below-stick-meta":"","astra-migrate-meta-layouts":"default","ast-page-background-enabled":"default","ast-page-background-meta":{"desktop":{"background-color":"var(--ast-global-color-4)","background-image":"","background-repeat":"repeat","background-position":"center center","background-size":"auto","background-attachment":"scroll","background-type":"","background-media":"","overlay-type":"","overlay-color":"","overlay-opacity":"","overlay-gradient":""},"tablet":{"background-color":"","background-image":"","background-repeat":"repeat","background-position":"center center","background-size":"auto","background-attachment":"scroll","background-type":"","background-media":"","overlay-type":"","overlay-color":"","overlay-opacity":"","overlay-gradient":""},"mobile":{"background-color":"","background-image":"","background-repeat":"repeat","background-position":"center center","background-size":"auto","background-attachment":"scroll","background-type":"","background-media":"","overlay-type":"","overlay-color":"","overlay-opacity":"","overlay-gradient":""}},"ast-content-background-meta":{"desktop":{"background-color":"var(--ast-global-color-5)","background-image":"","background-repeat":"repeat","background-position":"center center","background-size":"auto","background-attachment":"scroll","background-type":"","background-media":"","overlay-type":"","overlay-color":"","overlay-opacity":"","overlay-gradient":""},"tablet":{"background-color":"var(--ast-global-color-5)","background-image":"","background-repeat":"repeat","background-position":"center center","background-size":"auto","background-attachment":"scroll","background-type":"","background-media":"","overlay-type":"","overlay-color":"","overlay-opacity":"","overlay-gradient":""},"mobile":{"background-color":"var(--ast-global-color-5)","background-image":"","background-repeat":"repeat","background-position":"center center","background-size":"auto","background-attachment":"scroll","background-type":"","background-media":"","overlay-type":"","overlay-color":"","overlay-opacity":"","overlay-gradient":""}},"footnotes":""},"class_list":["post-1183","page","type-page","status-publish","hentry"],"_links":{"self":[{"href":"https:\/\/adfaber.org\/en\/wp-json\/wp\/v2\/pages\/1183","targetHints":{"allow":["GET"]}}],"collection":[{"href":"https:\/\/adfaber.org\/en\/wp-json\/wp\/v2\/pages"}],"about":[{"href":"https:\/\/adfaber.org\/en\/wp-json\/wp\/v2\/types\/page"}],"author":[{"embeddable":true,"href":"https:\/\/adfaber.org\/en\/wp-json\/wp\/v2\/users\/1"}],"replies":[{"embeddable":true,"href":"https:\/\/adfaber.org\/en\/wp-json\/wp\/v2\/comments?post=1183"}],"version-history":[{"count":0,"href":"https:\/\/adfaber.org\/en\/wp-json\/wp\/v2\/pages\/1183\/revisions"}],"wp:attachment":[{"href":"https:\/\/adfaber.org\/en\/wp-json\/wp\/v2\/media?parent=1183"}],"curies":[{"name":"wp","href":"https:\/\/api.w.org\/{rel}","templated":true}]}}