{"id":10006,"date":"2024-09-03T10:42:50","date_gmt":"2024-09-03T10:42:50","guid":{"rendered":"https:\/\/adfaber.org\/?page_id=10006"},"modified":"2026-04-07T09:49:59","modified_gmt":"2026-04-07T09:49:59","slug":"abonare-newsletter","status":"publish","type":"page","link":"https:\/\/adfaber.org\/en\/abonare-newsletter\/","title":{"rendered":"Subscribe Newsletter"},"content":{"rendered":"<div data-elementor-type=\"wp-page\" data-elementor-id=\"10006\" class=\"elementor elementor-10006\" data-elementor-post-type=\"page\">\n\t\t\t\t<div class=\"elementor-element elementor-element-15b733b e-flex e-con-boxed e-con e-parent\" data-id=\"15b733b\" data-element_type=\"container\">\n\t\t\t\t\t<div class=\"e-con-inner\">\n\t\t\t\t<div class=\"elementor-element elementor-element-eef15d7 elementor-widget elementor-widget-html\" data-id=\"eef15d7\" data-element_type=\"widget\" data-widget_type=\"html.default\">\n\t\t\t\t\t<section class=\"adf-newsletter-page\">\n  <div class=\"adf-bg adf-bg-1\"><\/div>\n  <div class=\"adf-bg adf-bg-2\"><\/div>\n\n  <div class=\"adf-container\">\n\n    <section class=\"adf-hero\">\n      <div class=\"adf-eyebrow\">ADFABER NEWSLETTER<\/div>\n\n      <h1 class=\"adf-title\">\n        Prime\u0219ti \u00eentr-un singur loc<br>\n        <span>ce este nou, util \u0219i relevant \u00een educa\u021bia digital\u0103.<\/span>\n      <\/h1>\n\n      <p class=\"adf-subtitle\">\n        Programe, competi\u021bii, resurse gratuite \u0219i idei bune pentru profesori, p\u0103rin\u021bi, elevi \u0219i companii \u2014\n        selectate clar, ca s\u0103 \u0219tii mai repede ce merit\u0103 aten\u021bia ta \u0219i ce po\u021bi folosi imediat.\n      <\/p>\n\n      <div class=\"adf-hero-actions\">\n        <a href=\"#newsletteradf\" class=\"adf-btn adf-btn-primary\">Prime\u0219te newsletterul<\/a>\n        <a href=\"#adf-ce-primesti\" class=\"adf-btn adf-btn-secondary\">Vezi ce prime\u0219ti<\/a>\n      <\/div>\n    <\/section>\n\n    <section class=\"adf-belong\">\n      <div class=\"adf-belong-card\">\n        <p>\n          Te al\u0103turi unei comunit\u0103\u021bi care urm\u0103re\u0219te aceea\u0219i direc\u021bie:\n          o educa\u021bie mai actual\u0103, mai conectat\u0103 la tehnologie \u0219i mai util\u0103 pentru lumea \u00een care tr\u0103im acum.\n        <\/p>\n      <\/div>\n    <\/section>\n\n    <section id=\"adf-ce-primesti\" class=\"adf-section\">\n      <div class=\"adf-section-head\">\n        <div class=\"adf-kicker\">Ce prime\u0219ti<\/div>\n        <h2>Con\u021binut clar. Bun de folosit. Bun de trimis mai departe.<\/h2>\n      <\/div>\n\n      <div class=\"adf-grid\">\n        <article class=\"adf-card\">\n          <div class=\"adf-icon\">\ud83d\udcd8<\/div>\n          <h3>Pentru profesori<\/h3>\n          <p>\n            Prime\u0219ti resurse gratuite, programe educa\u021bionale, idei bune pentru clas\u0103 \u0219i nout\u0103\u021bi care te ajut\u0103 s\u0103 r\u0103m\u00e2i conectat la schimb\u0103rile din educa\u021bie.\n          <\/p>\n        <\/article>\n\n        <article class=\"adf-card\">\n          <div class=\"adf-icon\">\ud83c\udfc6<\/div>\n          <h3>Pentru elevi<\/h3>\n          <p>\n            Prime\u0219ti informa\u021bii despre competi\u021bii, proiecte \u0219i programe care \u00ee\u021bi deschid oportunit\u0103\u021bi reale de \u00eenv\u0103\u021bare, implicare \u0219i dezvoltare.\n          <\/p>\n        <\/article>\n\n        <article class=\"adf-card\">\n          <div class=\"adf-icon\">\ud83d\udca1<\/div>\n          <h3>Pentru p\u0103rin\u021bi<\/h3>\n          <p>\n            Prime\u0219ti ghidaj \u0219i resurse care te ajut\u0103 s\u0103 \u00ee\u021bi sus\u021bii copilul \u0219i s\u0103 \u021bii pasul cu educa\u021bia digital\u0103, siguran\u021ba online \u0219i tehnologia.\n          <\/p>\n        <\/article>\n\n        <article class=\"adf-card\">\n          <div class=\"adf-icon\">\ud83e\udd1d<\/div>\n          <h3>Pentru companii<\/h3>\n          <p>\n            Prime\u0219ti ce este nou \u00een educa\u021bie digital\u0103 \u0219i informa\u021bii despre oportunit\u0103\u021bi relevante de implicare, parteneriate \u0219i proiecte CSR cu impact real.\n          <\/p>\n        <\/article>\n      <\/div>\n    <\/section>\n\n    <section class=\"adf-section adf-dark-section\">\n      <div class=\"adf-dark-card\">\n        <div class=\"adf-kicker adf-kicker-light\">De ce merit\u0103<\/div>\n        <h2>Prime\u0219ti lucruri care au sens \u0219i care pot fi utile imediat.<\/h2>\n        <p>\n          Select\u0103m \u0219i trimitem proiecte, resurse, programe \u0219i oportunit\u0103\u021bi care te ajut\u0103 s\u0103 r\u0103m\u00e2i la curent cu ce conteaz\u0103 \u00een educa\u021bie digital\u0103.\n          Asta \u00eenseamn\u0103 \u0219i resurse gratuite despre programare, siguran\u021b\u0103 online, inteligen\u021b\u0103 artificial\u0103 \u0219i instrumente pe care le po\u021bi folosi imediat.\n        <\/p>\n\n        <div class=\"adf-list\">\n          <div class=\"adf-list-item\">Programe gratuite \u0219i ini\u021biative educa\u021bionale<\/div>\n          <div class=\"adf-list-item\">Competi\u021bii \u0219i oportunit\u0103\u021bi pentru elevi<\/div>\n          <div class=\"adf-list-item\">Resurse despre programare \u0219i educa\u021bie digital\u0103<\/div>\n          <div class=\"adf-list-item\">Con\u021binut util despre siguran\u021b\u0103 online \u0219i AI<\/div>\n        <\/div>\n      <\/div>\n    <\/section>\n\n    <section class=\"adf-final\">\n      <div class=\"adf-final-card\">\n        <div class=\"adf-kicker\">R\u0103m\u00e2i aproape<\/div>\n        <h2>Aboneaz\u0103-te \u0219i fii la curent cu ceea ce merit\u0103 s\u0103 \u0219tii.<\/h2>\n        <p>\n          Prime\u0219ti direct \u00een inbox informa\u021bii bine alese, utile pentru tine \u0219i valoroase pentru cei c\u0103rora vrei s\u0103 le dai mai departe.\n        <\/p>\n        <a href=\"#newsletteradf\" class=\"adf-btn adf-btn-primary\">Prime\u0219te newsletterul<\/a>\n      <\/div>\n    <\/section>\n\n  <\/div>\n<\/section>\t\t\t\t<\/div>\n\t\t\t\t\t<\/div>\n\t\t\t\t<\/div>\n\t\t\t\t<section class=\"elementor-section elementor-top-section elementor-element elementor-element-3dfb8ac elementor-section-boxed elementor-section-height-default elementor-section-height-default\" data-id=\"3dfb8ac\" data-element_type=\"section\">\n\t\t\t\t\t\t<div class=\"elementor-container elementor-column-gap-default\">\n\t\t\t\t\t<div class=\"elementor-column elementor-col-100 elementor-top-column elementor-element elementor-element-a18e154\" data-id=\"a18e154\" data-element_type=\"column\">\n\t\t\t<div class=\"elementor-widget-wrap elementor-element-populated\">\n\t\t\t\t\t\t<div class=\"elementor-element elementor-element-40f8e26 elementor-widget elementor-widget-menu-anchor\" data-id=\"40f8e26\" data-element_type=\"widget\" data-widget_type=\"menu-anchor.default\">\n\t\t\t\t\t\t\t<div class=\"elementor-menu-anchor\" id=\"newsletteradf\"><\/div>\n\t\t\t\t\t\t<\/div>\n\t\t\t\t\t<\/div>\n\t\t<\/div>\n\t\t\t\t\t<\/div>\n\t\t<\/section>\n\t\t<div class=\"elementor-element elementor-element-0759686 e-flex e-con-boxed e-con e-parent\" data-id=\"0759686\" data-element_type=\"container\">\n\t\t\t\t\t<div class=\"e-con-inner\">\n\t\t\t\t<div class=\"elementor-element elementor-element-8d23734 elementor-widget elementor-widget-html\" data-id=\"8d23734\" data-element_type=\"widget\" data-widget_type=\"html.default\">\n\t\t\t\t\t<div id=\"newsletteradf\" class=\"adf-form-wrap\">\n  <div class=\"adf-form-card\">\n    <div class=\"adf-form-inner\">\n      \n      <div class=\"adf-form-eyebrow\">Newsletter ADFABER<\/div>\n      <h2 class=\"adf-form-title\">Prime\u0219te direct \u00een inbox ce merit\u0103 s\u0103 \u0219tii<\/h2>\n      <p class=\"adf-form-subtitle\">\n        Completeaz\u0103 formularul \u0219i r\u0103m\u00e2i aproape de programe, competi\u021bii, resurse gratuite \u0219i nout\u0103\u021bi din educa\u021bia digital\u0103.\n      <\/p>\n\n      <form action=\"https:\/\/newsletter.adfaber.org\/subscribe\" method=\"POST\" accept-charset=\"utf-8\">\n\n        <div class=\"adf-grid\">\n          <div class=\"adf-field\">\n            <label for=\"name\">Name<\/label>\n            <input type=\"text\" name=\"name\" id=\"name\" placeholder=\"Scrie numele t\u0103u\" \/>\n          <\/div>\n\n          <div class=\"adf-field\">\n            <label for=\"email\">E-mail<\/label>\n            <input type=\"email\" name=\"email\" id=\"email\" placeholder=\"Scrie adresa ta de email\" \/>\n          <\/div>\n\n          <div class=\"adf-field\">\n            <label for=\"Oras\">City<\/label>\n            <input type=\"text\" name=\"Oras\" id=\"Oras\" placeholder=\"Scrie ora\u0219ul t\u0103u\" \/>\n          <\/div>\n\n          <div class=\"adf-field\">\n            <label for=\"Telefon\">Phone<\/label>\n            <input type=\"text\" name=\"Telefon\" id=\"Telefon\" placeholder=\"Scrie num\u0103rul t\u0103u de telefon\" \/>\n          <\/div>\n\n          <div class=\"adf-field adf-field-full\">\n            <label for=\"Rol(elev,profesor,parinte)\">Role (student, teacher, parent)<\/label>\n            <input type=\"text\" name=\"Rol(elev,profesor,parinte)\" id=\"Rol(elev,profesor,parinte)\" placeholder=\"Ex: profesor \/ p\u0103rinte \/ elev\" \/>\n          <\/div>\n        <\/div>\n\n        <div class=\"adf-recaptcha\">\n          <p class=\"g-recaptcha\" data-sitekey=\"6LcYT_sdAAAAAJBGkkmiUAD-5USWSo6zYjyWafRq\"><\/p>\n        <\/div>\n\n        <div style=\"display:none;\">\n          <label for=\"hp\">HP<\/label>\n          <input type=\"text\" name=\"hp\" id=\"hp\"\/>\n        <\/div>\n\n        <input type=\"hidden\" name=\"list\" value=\"3AapaaWyxgEBiQub7xox1w\"\/>\n        <input type=\"hidden\" name=\"subform\" value=\"yes\"\/>\n\n        <div class=\"adf-submit-row\">\n          <input type=\"submit\" name=\"submit\" id=\"submit\" value=\"Prime\u0219te newsletterul\"\/>\n          <div class=\"adf-submit-note\">Dureaz\u0103 mai pu\u021bin de un minut.<\/div>\n        <\/div>\n\n      <\/form>\n    <\/div>\n  <\/div>\n<\/div>\t\t\t\t<\/div>\n\t\t\t\t\t<\/div>\n\t\t\t\t<\/div>\n\t\t\t\t<\/div>","protected":false},"excerpt":{"rendered":"<p>ADFABER NEWSLETTER Prime\u0219ti \u00eentr-un singur loc ce este nou, util \u0219i relevant \u00een educa\u021bia digital\u0103. Programe, competi\u021bii, resurse gratuite \u0219i idei bune pentru profesori, p\u0103rin\u021bi, elevi \u0219i companii \u2014 selectate clar, ca s\u0103 \u0219tii mai repede ce merit\u0103 aten\u021bia ta \u0219i ce po\u021bi folosi imediat. Prime\u0219te newsletterul Vezi ce prime\u0219ti Te al\u0103turi unei comunit\u0103\u021bi care [&hellip;]<\/p>","protected":false},"author":1,"featured_media":0,"parent":0,"menu_order":0,"comment_status":"closed","ping_status":"closed","template":"elementor_header_footer","meta":{"_eb_attr":"","site-sidebar-layout":"no-sidebar","site-content-layout":"page-builder","ast-site-content-layout":"full-width-container","site-content-style":"default","site-sidebar-style":"default","ast-global-header-display":"","ast-banner-title-visibility":"","ast-main-header-display":"","ast-hfb-above-header-display":"","ast-hfb-below-header-display":"","ast-hfb-mobile-header-display":"","site-post-title":"disabled","ast-breadcrumbs-content":"","ast-featured-img":"disabled","footer-sml-layout":"","ast-disable-related-posts":"","theme-transparent-header-meta":"","adv-header-id-meta":"","stick-header-meta":"","header-above-stick-meta":"","header-main-stick-meta":"","header-below-stick-meta":"","astra-migrate-meta-layouts":"set","ast-page-background-enabled":"default","ast-page-background-meta":{"desktop":{"background-color":"var(--ast-global-color-4)","background-image":"","background-repeat":"repeat","background-position":"center center","background-size":"auto","background-attachment":"scroll","background-type":"","background-media":"","overlay-type":"","overlay-color":"","overlay-opacity":"","overlay-gradient":""},"tablet":{"background-color":"","background-image":"","background-repeat":"repeat","background-position":"center center","background-size":"auto","background-attachment":"scroll","background-type":"","background-media":"","overlay-type":"","overlay-color":"","overlay-opacity":"","overlay-gradient":""},"mobile":{"background-color":"","background-image":"","background-repeat":"repeat","background-position":"center center","background-size":"auto","background-attachment":"scroll","background-type":"","background-media":"","overlay-type":"","overlay-color":"","overlay-opacity":"","overlay-gradient":""}},"ast-content-background-meta":{"desktop":{"background-color":"var(--ast-global-color-5)","background-image":"","background-repeat":"repeat","background-position":"center center","background-size":"auto","background-attachment":"scroll","background-type":"","background-media":"","overlay-type":"","overlay-color":"","overlay-opacity":"","overlay-gradient":""},"tablet":{"background-color":"var(--ast-global-color-5)","background-image":"","background-repeat":"repeat","background-position":"center center","background-size":"auto","background-attachment":"scroll","background-type":"","background-media":"","overlay-type":"","overlay-color":"","overlay-opacity":"","overlay-gradient":""},"mobile":{"background-color":"var(--ast-global-color-5)","background-image":"","background-repeat":"repeat","background-position":"center center","background-size":"auto","background-attachment":"scroll","background-type":"","background-media":"","overlay-type":"","overlay-color":"","overlay-opacity":"","overlay-gradient":""}},"footnotes":""},"class_list":["post-10006","page","type-page","status-publish","hentry"],"_links":{"self":[{"href":"https:\/\/adfaber.org\/en\/wp-json\/wp\/v2\/pages\/10006","targetHints":{"allow":["GET"]}}],"collection":[{"href":"https:\/\/adfaber.org\/en\/wp-json\/wp\/v2\/pages"}],"about":[{"href":"https:\/\/adfaber.org\/en\/wp-json\/wp\/v2\/types\/page"}],"author":[{"embeddable":true,"href":"https:\/\/adfaber.org\/en\/wp-json\/wp\/v2\/users\/1"}],"replies":[{"embeddable":true,"href":"https:\/\/adfaber.org\/en\/wp-json\/wp\/v2\/comments?post=10006"}],"version-history":[{"count":6,"href":"https:\/\/adfaber.org\/en\/wp-json\/wp\/v2\/pages\/10006\/revisions"}],"predecessor-version":[{"id":15237,"href":"https:\/\/adfaber.org\/en\/wp-json\/wp\/v2\/pages\/10006\/revisions\/15237"}],"wp:attachment":[{"href":"https:\/\/adfaber.org\/en\/wp-json\/wp\/v2\/media?parent=10006"}],"curies":[{"name":"wp","href":"https:\/\/api.w.org\/{rel}","templated":true}]}}